{"id":90,"date":"2023-05-06T14:48:39","date_gmt":"2023-05-06T12:48:39","guid":{"rendered":"https:\/\/www.grawosiedle.polsl.pl\/?page_id=90"},"modified":"2023-06-03T17:37:43","modified_gmt":"2023-06-03T15:37:43","slug":"gry-karciane","status":"publish","type":"page","link":"https:\/\/www.grawosiedle.polsl.pl\/index.php\/gry-karciane\/","title":{"rendered":"GRY KARCIANE"},"content":{"rendered":"\n<p>Gra w osiedle oferuje rozrywk\u0119 na r\u00f3\u017cnych poziomach zaawansowania do wykorzystania jako gr\u0119 w karty, gr\u0119 logicn\u0105 lub gr\u0119 urbanistyczn\u0105.<\/p>\n\n\n\n<p>Stworzyli\u015bmy kilkana\u015bcie r\u00f3\u017cnych gier dla graczy w r\u00f3\u017cnym wieku, o r\u00f3znym poziomie zaawansowania.<\/p>\n\n\n\n<p><\/p>\n\n\n\n<p>wi\u0119cej wkr\u00f3tce w instrukcji PDF<\/p>\n","protected":false},"excerpt":{"rendered":"<p>Gra w osiedle oferuje rozrywk\u0119 na r\u00f3\u017cnych poziomach zaawansowania do wykorzystania jako gr\u0119 w karty, gr\u0119 logicn\u0105 lub gr\u0119 urbanistyczn\u0105. Stworzyli\u015bmy kilkana\u015bcie r\u00f3\u017cnych gier dla graczy w r\u00f3\u017cnym wieku, o r\u00f3znym poziomie zaawansowania. wi\u0119cej wkr\u00f3tce w instrukcji PDF<\/p>\n","protected":false},"author":1,"featured_media":0,"parent":0,"menu_order":0,"comment_status":"closed","ping_status":"closed","template":"","meta":{"footnotes":""},"class_list":["post-90","page","type-page","status-publish","hentry"],"_links":{"self":[{"href":"https:\/\/www.grawosiedle.polsl.pl\/index.php\/wp-json\/wp\/v2\/pages\/90","targetHints":{"allow":["GET"]}}],"collection":[{"href":"https:\/\/www.grawosiedle.polsl.pl\/index.php\/wp-json\/wp\/v2\/pages"}],"about":[{"href":"https:\/\/www.grawosiedle.polsl.pl\/index.php\/wp-json\/wp\/v2\/types\/page"}],"author":[{"embeddable":true,"href":"https:\/\/www.grawosiedle.polsl.pl\/index.php\/wp-json\/wp\/v2\/users\/1"}],"replies":[{"embeddable":true,"href":"https:\/\/www.grawosiedle.polsl.pl\/index.php\/wp-json\/wp\/v2\/comments?post=90"}],"version-history":[{"count":11,"href":"https:\/\/www.grawosiedle.polsl.pl\/index.php\/wp-json\/wp\/v2\/pages\/90\/revisions"}],"predecessor-version":[{"id":268,"href":"https:\/\/www.grawosiedle.polsl.pl\/index.php\/wp-json\/wp\/v2\/pages\/90\/revisions\/268"}],"wp:attachment":[{"href":"https:\/\/www.grawosiedle.polsl.pl\/index.php\/wp-json\/wp\/v2\/media?parent=90"}],"curies":[{"name":"wp","href":"https:\/\/api.w.org\/{rel}","templated":true}]}}