{"id":775,"date":"2023-08-31T23:02:07","date_gmt":"2023-08-31T21:02:07","guid":{"rendered":"https:\/\/www.grawosiedle.polsl.pl\/?page_id=775"},"modified":"2024-12-18T08:18:13","modified_gmt":"2024-12-18T07:18:13","slug":"sponsorzy-i-partnerzy","status":"publish","type":"page","link":"https:\/\/www.grawosiedle.polsl.pl\/index.php\/sponsorzy-i-partnerzy\/","title":{"rendered":"WSP\u00d3\u0141PRACA"},"content":{"rendered":"\n<p>W promocji gry oraz jej kolejnych ods\u0142on i edycji wspieraj\u0105 nas:<\/p>\n\n\n\n<p>Wsp\u00f3\u0142praca:<\/p>\n\n\n<div class=\"wp-block-image\">\n<figure class=\"aligncenter size-large is-resized\"><a href=\"https:\/\/metropoliagzm.pl\/\" target=\"_blank\" rel=\"noreferrer noopener\"><img decoding=\"async\" src=\"https:\/\/metropoliagzm.pl\/wp-content\/uploads\/2020\/06\/logo-pelne-nazwa-mono.gif\" alt=\"\" style=\"width:226px;height:auto\"\/><\/a><\/figure>\n<\/div>\n\n\n<p><strong>Sponsorzy:<\/strong><\/p>\n\n\n<div class=\"wp-block-image\">\n<figure class=\"aligncenter size-medium is-resized\"><a href=\"https:\/\/www.poner.pl\"><img decoding=\"async\" width=\"300\" height=\"95\" src=\"https:\/\/www.grawosiedle.polsl.pl\/wp-content\/uploads\/2023\/11\/images-300x95.png\" alt=\"\" class=\"wp-image-1205\" style=\"width:300px;height:auto\" srcset=\"https:\/\/www.grawosiedle.polsl.pl\/wp-content\/uploads\/2023\/11\/images-300x95.png 300w, https:\/\/www.grawosiedle.polsl.pl\/wp-content\/uploads\/2023\/11\/images.png 400w\" sizes=\"(max-width: 300px) 100vw, 300px\" \/><\/a><\/figure>\n<\/div>\n\n<div class=\"wp-block-image\">\n<figure class=\"aligncenter size-large is-resized\"><img fetchpriority=\"high\" decoding=\"async\" width=\"1024\" height=\"611\" src=\"https:\/\/www.grawosiedle.polsl.pl\/wp-content\/uploads\/2024\/12\/image-2-1024x611.png\" alt=\"\" class=\"wp-image-1843\" style=\"width:363px;height:auto\" srcset=\"https:\/\/www.grawosiedle.polsl.pl\/wp-content\/uploads\/2024\/12\/image-2-1024x611.png 1024w, https:\/\/www.grawosiedle.polsl.pl\/wp-content\/uploads\/2024\/12\/image-2-300x179.png 300w, https:\/\/www.grawosiedle.polsl.pl\/wp-content\/uploads\/2024\/12\/image-2-768x458.png 768w, https:\/\/www.grawosiedle.polsl.pl\/wp-content\/uploads\/2024\/12\/image-2.png 1411w\" sizes=\"(max-width: 767px) 89vw, (max-width: 1000px) 54vw, (max-width: 1071px) 543px, 580px\" \/><\/figure>\n<\/div>\n\n\n<p><strong>Patronat medialny:<\/strong><\/p>\n\n\n<div class=\"wp-block-image\">\n<figure class=\"aligncenter size-full\"><a href=\"https:\/\/www.propertydesign.pl\"><img decoding=\"async\" width=\"230\" height=\"78\" src=\"https:\/\/www.grawosiedle.polsl.pl\/wp-content\/uploads\/2023\/11\/propertydesign.png\" alt=\"\" class=\"wp-image-1198\"\/><\/a><\/figure>\n<\/div>\n\n<div class=\"wp-block-image\">\n<figure class=\"aligncenter size-full is-resized\"><a href=\"https:\/\/www.architekturaibiznes.pl\/\" target=\"_blank\" rel=\"noreferrer noopener\"><img loading=\"lazy\" decoding=\"async\" width=\"341\" height=\"211\" src=\"https:\/\/www.grawosiedle.polsl.pl\/wp-content\/uploads\/2023\/09\/A_B.jpg\" alt=\"\" class=\"wp-image-792\" style=\"width:201px;height:124px\" srcset=\"https:\/\/www.grawosiedle.polsl.pl\/wp-content\/uploads\/2023\/09\/A_B.jpg 341w, https:\/\/www.grawosiedle.polsl.pl\/wp-content\/uploads\/2023\/09\/A_B-300x186.jpg 300w\" sizes=\"(max-width: 341px) 100vw, 341px\" \/><\/a><figcaption class=\"wp-element-caption\"><a href=\"https:\/\/www.architekturaibiznes.pl\/\">Architektura&amp;Biznes<\/a><\/figcaption><\/figure>\n<\/div>\n\n<div class=\"wp-block-image\">\n<figure class=\"aligncenter size-full is-resized\"><a href=\"https:\/\/sztuka-krajobrazu.pl\/\"><img loading=\"lazy\" decoding=\"async\" width=\"438\" height=\"170\" src=\"https:\/\/www.grawosiedle.polsl.pl\/wp-content\/uploads\/2023\/09\/szk1.jpg\" alt=\"\" class=\"wp-image-796\" style=\"width:192px;height:75px\" srcset=\"https:\/\/www.grawosiedle.polsl.pl\/wp-content\/uploads\/2023\/09\/szk1.jpg 438w, https:\/\/www.grawosiedle.polsl.pl\/wp-content\/uploads\/2023\/09\/szk1-300x116.jpg 300w\" sizes=\"(max-width: 438px) 100vw, 438px\" \/><\/a><figcaption class=\"wp-element-caption\"><a href=\"https:\/\/sztuka-krajobrazu.pl\/\">sztuka krajobrazu<\/a><\/figcaption><\/figure>\n<\/div>\n\n<div class=\"wp-block-image\">\n<figure class=\"aligncenter size-large is-resized\"><a href=\"https:\/\/urbnews.pl\/\"><img loading=\"lazy\" decoding=\"async\" width=\"1024\" height=\"401\" src=\"https:\/\/www.grawosiedle.polsl.pl\/wp-content\/uploads\/2023\/09\/thumbnail_Logo-Urbnews.pl_-1024x401.jpg\" alt=\"\" class=\"wp-image-797\" style=\"width:219px;height:85px\" srcset=\"https:\/\/www.grawosiedle.polsl.pl\/wp-content\/uploads\/2023\/09\/thumbnail_Logo-Urbnews.pl_-1024x401.jpg 1024w, https:\/\/www.grawosiedle.polsl.pl\/wp-content\/uploads\/2023\/09\/thumbnail_Logo-Urbnews.pl_-300x117.jpg 300w, https:\/\/www.grawosiedle.polsl.pl\/wp-content\/uploads\/2023\/09\/thumbnail_Logo-Urbnews.pl_-768x300.jpg 768w, https:\/\/www.grawosiedle.polsl.pl\/wp-content\/uploads\/2023\/09\/thumbnail_Logo-Urbnews.pl_-1536x601.jpg 1536w, https:\/\/www.grawosiedle.polsl.pl\/wp-content\/uploads\/2023\/09\/thumbnail_Logo-Urbnews.pl_.jpg 1920w\" sizes=\"(max-width: 767px) 89vw, (max-width: 1000px) 54vw, (max-width: 1071px) 543px, 580px\" \/><\/a><figcaption class=\"wp-element-caption\"><a href=\"https:\/\/urbnews.pl\/\">urbnews<\/a><\/figcaption><\/figure>\n<\/div>\n\n\n<p>Partnerzy instytucjonalni, kt\u00f3rzy rekomenduj\u0105 gr\u0119<\/p>\n\n\n<div class=\"wp-block-image\">\n<figure class=\"aligncenter size-full is-resized\"><img loading=\"lazy\" decoding=\"async\" width=\"520\" height=\"278\" src=\"https:\/\/www.grawosiedle.polsl.pl\/wp-content\/uploads\/2024\/05\/logo-1.png\" alt=\"\" class=\"wp-image-1642\" style=\"width:225px;height:auto\" srcset=\"https:\/\/www.grawosiedle.polsl.pl\/wp-content\/uploads\/2024\/05\/logo-1.png 520w, https:\/\/www.grawosiedle.polsl.pl\/wp-content\/uploads\/2024\/05\/logo-1-300x160.png 300w\" sizes=\"(max-width: 520px) 100vw, 520px\" \/><\/figure>\n<\/div>\n\n\n<p class=\"has-text-align-center\">Izba Architekt\u00f3w Rzeczypospolitej Polskiej- patronat honorowy<\/p>\n\n\n<div class=\"wp-block-image\">\n<figure class=\"aligncenter size-large is-resized\"><img loading=\"lazy\" decoding=\"async\" width=\"1024\" height=\"420\" src=\"https:\/\/www.grawosiedle.polsl.pl\/wp-content\/uploads\/2023\/06\/SARP-o.-Katowice-1024x420.jpg\" alt=\"\" class=\"wp-image-510\" style=\"width:208px;height:85px\" srcset=\"https:\/\/www.grawosiedle.polsl.pl\/wp-content\/uploads\/2023\/06\/SARP-o.-Katowice-1024x420.jpg 1024w, https:\/\/www.grawosiedle.polsl.pl\/wp-content\/uploads\/2023\/06\/SARP-o.-Katowice-300x123.jpg 300w, https:\/\/www.grawosiedle.polsl.pl\/wp-content\/uploads\/2023\/06\/SARP-o.-Katowice-768x315.jpg 768w, https:\/\/www.grawosiedle.polsl.pl\/wp-content\/uploads\/2023\/06\/SARP-o.-Katowice-1536x630.jpg 1536w, https:\/\/www.grawosiedle.polsl.pl\/wp-content\/uploads\/2023\/06\/SARP-o.-Katowice-2048x840.jpg 2048w\" sizes=\"(max-width: 767px) 89vw, (max-width: 1000px) 54vw, (max-width: 1071px) 543px, 580px\" \/><\/figure>\n<\/div>\n\n\n<p class=\"has-text-align-center\">SARP oddzia\u0142 Katowice &#8211; Stowarzyszenie Architekt\u00f3w Polski oddzia\u0142 Katowice &#8211; patronat honorowy<\/p>\n\n\n<div class=\"wp-block-image\">\n<figure class=\"aligncenter size-large is-resized\"><img decoding=\"async\" src=\"https:\/\/upload.wikimedia.org\/wikipedia\/commons\/4\/4b\/PanLogo.jpg\" alt=\"\" style=\"width:162px;height:138px\"\/><\/figure>\n<\/div>\n\n\n<p class=\"has-text-align-center\">KOMISJA ARCHITEKTURY I URBANISTYKI POLSKIEJ AKADEMII NAUK ODDZIA\u0141 W KATOWICACH  &#8211; rekomendacja dla gry naukowo-dydaktycznej<\/p>\n\n\n<div class=\"wp-block-image\">\n<figure class=\"aligncenter size-large is-resized\"><img loading=\"lazy\" decoding=\"async\" width=\"1024\" height=\"857\" src=\"https:\/\/www.grawosiedle.polsl.pl\/wp-content\/uploads\/2023\/06\/logo-1024x857.png\" alt=\"\" class=\"wp-image-523\" style=\"width:145px;height:121px\" srcset=\"https:\/\/www.grawosiedle.polsl.pl\/wp-content\/uploads\/2023\/06\/logo-1024x857.png 1024w, https:\/\/www.grawosiedle.polsl.pl\/wp-content\/uploads\/2023\/06\/logo-300x251.png 300w, https:\/\/www.grawosiedle.polsl.pl\/wp-content\/uploads\/2023\/06\/logo-768x643.png 768w, https:\/\/www.grawosiedle.polsl.pl\/wp-content\/uploads\/2023\/06\/logo-1536x1286.png 1536w, https:\/\/www.grawosiedle.polsl.pl\/wp-content\/uploads\/2023\/06\/logo-2048x1715.png 2048w\" sizes=\"(max-width: 767px) 89vw, (max-width: 1000px) 54vw, (max-width: 1071px) 543px, 580px\" \/><\/figure>\n<\/div>\n\n\n<p class=\"has-text-align-center\"><br>Towarzystwo Urbanist\u00f3w Polskich oddzia\u0142 \u015al\u0105ski &#8211; rekomendacja dla gry naukowo-dydaktycznej<\/p>\n\n\n<div class=\"wp-block-image\">\n<figure class=\"aligncenter size-full\"><a href=\"https:\/\/plgbc.org.pl\/\"><img loading=\"lazy\" decoding=\"async\" width=\"239\" height=\"88\" src=\"https:\/\/www.grawosiedle.polsl.pl\/wp-content\/uploads\/2024\/01\/xLOGO.png.pagespeed.ic_.Mt2VM7vhQk.png\" alt=\"\" class=\"wp-image-1372\"\/><\/a><\/figure>\n<\/div>\n\n\n<p class=\"has-text-align-center\">Polskie Stowarzyszenie Budownictwa Ekologicznego &#8211; PLGBC<\/p>\n","protected":false},"excerpt":{"rendered":"<p>W promocji gry oraz jej kolejnych ods\u0142on i edycji wspieraj\u0105 nas: Wsp\u00f3\u0142praca: Sponsorzy: Patronat medialny: Partnerzy instytucjonalni, kt\u00f3rzy rekomenduj\u0105 gr\u0119 Izba Architekt\u00f3w Rzeczypospolitej Polskiej- patronat honorowy SARP oddzia\u0142 Katowice &#8211; Stowarzyszenie Architekt\u00f3w Polski oddzia\u0142 Katowice &#8211; patronat honorowy KOMISJA ARCHITEKTURY I URBANISTYKI POLSKIEJ AKADEMII NAUK ODDZIA\u0141 W KATOWICACH &#8211; rekomendacja dla gry naukowo-dydaktycznej Towarzystwo Urbanist\u00f3w &hellip; <\/p>\n<p class=\"link-more\"><a href=\"https:\/\/www.grawosiedle.polsl.pl\/index.php\/sponsorzy-i-partnerzy\/\" class=\"more-link\">Czytaj dalej<span class=\"screen-reader-text\"> \u201eWSP\u00d3\u0141PRACA\u201d<\/span><\/a><\/p>\n","protected":false},"author":1,"featured_media":0,"parent":0,"menu_order":0,"comment_status":"closed","ping_status":"closed","template":"","meta":{"footnotes":""},"class_list":["post-775","page","type-page","status-publish","hentry"],"_links":{"self":[{"href":"https:\/\/www.grawosiedle.polsl.pl\/index.php\/wp-json\/wp\/v2\/pages\/775","targetHints":{"allow":["GET"]}}],"collection":[{"href":"https:\/\/www.grawosiedle.polsl.pl\/index.php\/wp-json\/wp\/v2\/pages"}],"about":[{"href":"https:\/\/www.grawosiedle.polsl.pl\/index.php\/wp-json\/wp\/v2\/types\/page"}],"author":[{"embeddable":true,"href":"https:\/\/www.grawosiedle.polsl.pl\/index.php\/wp-json\/wp\/v2\/users\/1"}],"replies":[{"embeddable":true,"href":"https:\/\/www.grawosiedle.polsl.pl\/index.php\/wp-json\/wp\/v2\/comments?post=775"}],"version-history":[{"count":18,"href":"https:\/\/www.grawosiedle.polsl.pl\/index.php\/wp-json\/wp\/v2\/pages\/775\/revisions"}],"predecessor-version":[{"id":1844,"href":"https:\/\/www.grawosiedle.polsl.pl\/index.php\/wp-json\/wp\/v2\/pages\/775\/revisions\/1844"}],"wp:attachment":[{"href":"https:\/\/www.grawosiedle.polsl.pl\/index.php\/wp-json\/wp\/v2\/media?parent=775"}],"curies":[{"name":"wp","href":"https:\/\/api.w.org\/{rel}","templated":true}]}}