{"id":760,"date":"2023-08-31T14:15:09","date_gmt":"2023-08-31T12:15:09","guid":{"rendered":"https:\/\/www.grawosiedle.polsl.pl\/?page_id=760"},"modified":"2024-12-19T10:48:38","modified_gmt":"2024-12-19T09:48:38","slug":"galeria","status":"publish","type":"page","link":"https:\/\/www.grawosiedle.polsl.pl\/index.php\/galeria\/","title":{"rendered":"GALERIA"},"content":{"rendered":"\t\t<div data-elementor-type=\"wp-page\" data-elementor-id=\"760\" class=\"elementor elementor-760\">\n\t\t\t\t\t\t\t<div class=\"elementor-element elementor-element-101245b7 e-flex e-con-boxed e-con e-parent\" data-id=\"101245b7\" data-element_type=\"container\" data-settings=\"{&quot;content_width&quot;:&quot;boxed&quot;}\" data-core-v316-plus=\"true\">\n\t\t\t\t\t<div class=\"e-con-inner\">\n\t\t\t\t<div class=\"elementor-element elementor-element-5d4c8653 elementor-widget elementor-widget-text-editor\" data-id=\"5d4c8653\" data-element_type=\"widget\" data-widget_type=\"text-editor.default\">\n\t\t\t\t<div class=\"elementor-widget-container\">\n\t\t\t<style>\/*! elementor - v3.18.0 - 20-12-2023 *\/\n.elementor-widget-text-editor.elementor-drop-cap-view-stacked .elementor-drop-cap{background-color:#69727d;color:#fff}.elementor-widget-text-editor.elementor-drop-cap-view-framed .elementor-drop-cap{color:#69727d;border:3px solid;background-color:transparent}.elementor-widget-text-editor:not(.elementor-drop-cap-view-default) .elementor-drop-cap{margin-top:8px}.elementor-widget-text-editor:not(.elementor-drop-cap-view-default) .elementor-drop-cap-letter{width:1em;height:1em}.elementor-widget-text-editor .elementor-drop-cap{float:left;text-align:center;line-height:1;font-size:50px}.elementor-widget-text-editor .elementor-drop-cap-letter{display:inline-block}<\/style>\t\t\t\t<p><!-- wp:paragraph --><\/p>\n<p>Na tej stronie prezentujemy opiniodawc\u00f3w oraz graczy z nasz\u0105 gr\u0105 w r\u00f3\u017cnych miejscach i okoliczno\u015bciach.<\/p>\n<p><!-- \/wp:paragraph --><\/p>\n<p><!-- wp:paragraph --><\/p>\n<p><em>Zapraszamy do nadsy\u0142ania zdj\u0119\u0107 na maila : <\/em>info@urbanmodel.org<\/p>\n<p><!-- \/wp:paragraph --><\/p>\n<p><!-- wp:group {\"layout\":{\"type\":\"flex\",\"orientation\":\"vertical\"}} --><\/p>\n<div class=\"wp-block-group\">\n<p><!-- wp:gallery {\"linkTo\":\"none\"} --><\/p>\n<figure class=\"wp-block-gallery has-nested-images columns-default is-cropped\"><!-- wp:image {\"id\":818,\"sizeSlug\":\"large\",\"linkDestination\":\"none\"} -->\n<p>\u00a0<\/p>\n<figure class=\"wp-block-image size-large\"><img fetchpriority=\"high\" decoding=\"async\" width=\"1024\" height=\"768\" class=\"wp-image-818\" src=\"https:\/\/www.grawosiedle.polsl.pl\/wp-content\/uploads\/2023\/10\/384992616_2049693985390224_6599616274247248531_n-1024x768.jpg\" alt=\"\" srcset=\"https:\/\/www.grawosiedle.polsl.pl\/wp-content\/uploads\/2023\/10\/384992616_2049693985390224_6599616274247248531_n-1024x768.jpg 1024w, https:\/\/www.grawosiedle.polsl.pl\/wp-content\/uploads\/2023\/10\/384992616_2049693985390224_6599616274247248531_n-300x225.jpg 300w, https:\/\/www.grawosiedle.polsl.pl\/wp-content\/uploads\/2023\/10\/384992616_2049693985390224_6599616274247248531_n-768x576.jpg 768w, https:\/\/www.grawosiedle.polsl.pl\/wp-content\/uploads\/2023\/10\/384992616_2049693985390224_6599616274247248531_n-1536x1152.jpg 1536w, https:\/\/www.grawosiedle.polsl.pl\/wp-content\/uploads\/2023\/10\/384992616_2049693985390224_6599616274247248531_n.jpg 2048w\" sizes=\"(max-width: 767px) 89vw, (max-width: 1000px) 54vw, (max-width: 1071px) 543px, 580px\" \/><\/figure>\n<p><!-- \/wp:image --><\/p>\n<\/figure>\n<p><!-- \/wp:gallery --><\/p>\n<p><!-- wp:gallery {\"linkTo\":\"none\"} --><\/p>\n<figure class=\"wp-block-gallery has-nested-images columns-default is-cropped\"><!-- wp:image {\"id\":811,\"sizeSlug\":\"large\",\"linkDestination\":\"none\"} -->\n<p>\u00a0<\/p>\n<figure class=\"wp-block-image size-large\"><img decoding=\"async\" width=\"1024\" height=\"768\" class=\"wp-image-811\" src=\"https:\/\/www.grawosiedle.polsl.pl\/wp-content\/uploads\/2023\/10\/385062273_2049693942056895_1755013149282213260_n-1024x768.jpg\" alt=\"\" srcset=\"https:\/\/www.grawosiedle.polsl.pl\/wp-content\/uploads\/2023\/10\/385062273_2049693942056895_1755013149282213260_n-1024x768.jpg 1024w, https:\/\/www.grawosiedle.polsl.pl\/wp-content\/uploads\/2023\/10\/385062273_2049693942056895_1755013149282213260_n-300x225.jpg 300w, https:\/\/www.grawosiedle.polsl.pl\/wp-content\/uploads\/2023\/10\/385062273_2049693942056895_1755013149282213260_n-768x576.jpg 768w, https:\/\/www.grawosiedle.polsl.pl\/wp-content\/uploads\/2023\/10\/385062273_2049693942056895_1755013149282213260_n-1536x1152.jpg 1536w, https:\/\/www.grawosiedle.polsl.pl\/wp-content\/uploads\/2023\/10\/385062273_2049693942056895_1755013149282213260_n.jpg 2048w\" sizes=\"(max-width: 767px) 89vw, (max-width: 1000px) 54vw, (max-width: 1071px) 543px, 580px\" \/><\/figure>\n<p><!-- \/wp:image --><\/p>\n<\/figure>\n<p><!-- \/wp:gallery --><\/p>\n<\/div>\n<p><!-- \/wp:group --><\/p>\n<p><!-- wp:paragraph {\"fontSize\":\"small\"} --><\/p>\n<p class=\"has-small-font-size\"><em>Studenci Wydzia\u0142u Architektury Uniwersytetu w Bolonii, Kampus Cesena testuj\u0105 Gr\u0119 w osiedle. Zdj\u0119cia dzi\u0119ki uprzejmo\u015bci prof. Lamberto Amistadi<\/em><\/p>\n<p><!-- \/wp:paragraph --><\/p>\n<p><!-- wp:gallery {\"linkTo\":\"none\",\"align\":\"wide\"} --><\/p>\n<figure class=\"wp-block-gallery alignwide has-nested-images columns-default is-cropped\"><!-- wp:image {\"id\":825,\"width\":300,\"height\":200,\"scale\":\"cover\",\"sizeSlug\":\"large\",\"linkDestination\":\"none\"} -->\n<p>\u00a0<\/p>\n<figure class=\"wp-block-image size-large is-resized\"><img decoding=\"async\" class=\"wp-image-825\" style=\"object-fit: cover; width: 300px; height: 200px;\" src=\"https:\/\/www.grawosiedle.polsl.pl\/wp-content\/uploads\/2023\/10\/384992185_2048931365466486_8036524040363550869_n-2-768x1024.jpg\" alt=\"\" width=\"300\" height=\"200\" \/><\/figure>\n<p><!-- \/wp:image --><\/p>\n<p><!-- wp:image {\"id\":826,\"sizeSlug\":\"large\",\"linkDestination\":\"none\"} --><\/p>\n<figure class=\"wp-block-image size-large\"><img decoding=\"async\" class=\"wp-image-826\" src=\"https:\/\/www.grawosiedle.polsl.pl\/wp-content\/uploads\/2023\/10\/385062097_2048931412133148_5662061284909813106_n-1-1024x768.jpg\" alt=\"\" \/><\/figure>\n<p><!-- \/wp:image --><\/p>\n<\/figure>\n<p><!-- \/wp:gallery --><\/p>\n<p><!-- wp:paragraph {\"fontSize\":\"small\"} --><\/p>\n<p class=\"has-small-font-size\"><em>Prof. Alessandro Camiz \u00d6zye\u011fin \u00dcniversitesi w Stambule by\u0142 jednym z recenzent\u00f3w ksi\u0105\u017cki &#8222;Housing estate game book&#8221;, a tak\u017ce &#8222;beta testerem&#8221; prototypu kart. Dzi\u0119kujemy<\/em><\/p>\n<p><!-- \/wp:paragraph --><\/p>\n<p><!-- wp:image {\"id\":807,\"width\":674,\"height\":543,\"scale\":\"cover\",\"sizeSlug\":\"full\",\"linkDestination\":\"none\"} --><\/p>\n<figure class=\"wp-block-image size-full is-resized\"><img loading=\"lazy\" decoding=\"async\" class=\"wp-image-807\" style=\"object-fit: cover; width: 674px; height: 543px;\" src=\"https:\/\/www.grawosiedle.polsl.pl\/wp-content\/uploads\/2023\/09\/KMiruc_n_2.jpg\" alt=\"\" width=\"674\" height=\"543\" \/>\n<p>\u00a0<\/p>\n<figcaption class=\"wp-element-caption\">prezentacja prototypu kart wraz z Krzysztof Miru\u0107 ; Tychy, 09.2023 fot. W.Zieli\u0144ski<\/figcaption>\n<\/figure>\n<p><!-- \/wp:image --><\/p>\n<p><!-- wp:image {\"id\":804,\"sizeSlug\":\"large\",\"linkDestination\":\"none\"} --><\/p>\n<figure class=\"wp-block-image size-large\"><img loading=\"lazy\" decoding=\"async\" width=\"1024\" height=\"473\" class=\"wp-image-804\" src=\"https:\/\/www.grawosiedle.polsl.pl\/wp-content\/uploads\/2023\/09\/1000010489-1024x473.jpg\" alt=\"\" srcset=\"https:\/\/www.grawosiedle.polsl.pl\/wp-content\/uploads\/2023\/09\/1000010489-1024x473.jpg 1024w, https:\/\/www.grawosiedle.polsl.pl\/wp-content\/uploads\/2023\/09\/1000010489-300x139.jpg 300w, https:\/\/www.grawosiedle.polsl.pl\/wp-content\/uploads\/2023\/09\/1000010489-768x355.jpg 768w, https:\/\/www.grawosiedle.polsl.pl\/wp-content\/uploads\/2023\/09\/1000010489-1536x710.jpg 1536w, https:\/\/www.grawosiedle.polsl.pl\/wp-content\/uploads\/2023\/09\/1000010489.jpg 2000w\" sizes=\"(max-width: 767px) 89vw, (max-width: 1000px) 54vw, (max-width: 1071px) 543px, 580px\" \/>\n<p>\u00a0<\/p>\n<figcaption class=\"wp-element-caption\">poparcie gry ze strony Centrum Edukacji Ekologicznej w Gliwicach<\/figcaption>\n<\/figure>\n<p><!-- \/wp:image --><\/p>\n<p><!-- wp:image {\"id\":803,\"sizeSlug\":\"large\",\"linkDestination\":\"none\"} --><\/p>\n<figure class=\"wp-block-image size-large\"><img loading=\"lazy\" decoding=\"async\" width=\"1024\" height=\"473\" class=\"wp-image-803\" src=\"https:\/\/www.grawosiedle.polsl.pl\/wp-content\/uploads\/2023\/09\/20230616_124055-1024x473.jpg\" alt=\"\" srcset=\"https:\/\/www.grawosiedle.polsl.pl\/wp-content\/uploads\/2023\/09\/20230616_124055-1024x473.jpg 1024w, https:\/\/www.grawosiedle.polsl.pl\/wp-content\/uploads\/2023\/09\/20230616_124055-300x139.jpg 300w, https:\/\/www.grawosiedle.polsl.pl\/wp-content\/uploads\/2023\/09\/20230616_124055-768x355.jpg 768w, https:\/\/www.grawosiedle.polsl.pl\/wp-content\/uploads\/2023\/09\/20230616_124055-1536x710.jpg 1536w, https:\/\/www.grawosiedle.polsl.pl\/wp-content\/uploads\/2023\/09\/20230616_124055-2048x946.jpg 2048w\" sizes=\"(max-width: 767px) 89vw, (max-width: 1000px) 54vw, (max-width: 1071px) 543px, 580px\" \/>\n<p>\u00a0<\/p>\n<figcaption class=\"wp-element-caption\"><em>wystawa GRY W OSIEDLE , Wydzia\u0142 Architektury Politechniki \u015al\u0105skiej, 06.2023, fot. T. Bradecki<\/em><\/figcaption>\n<\/figure>\n<p><!-- \/wp:image --><\/p>\n<p><!-- wp:image {\"id\":802,\"sizeSlug\":\"large\",\"linkDestination\":\"none\"} --><\/p>\n<figure class=\"wp-block-image size-large\"><img loading=\"lazy\" decoding=\"async\" width=\"1024\" height=\"473\" class=\"wp-image-802\" src=\"https:\/\/www.grawosiedle.polsl.pl\/wp-content\/uploads\/2023\/09\/20230324_120233-1024x473.jpg\" alt=\"\" srcset=\"https:\/\/www.grawosiedle.polsl.pl\/wp-content\/uploads\/2023\/09\/20230324_120233-1024x473.jpg 1024w, https:\/\/www.grawosiedle.polsl.pl\/wp-content\/uploads\/2023\/09\/20230324_120233-300x139.jpg 300w, https:\/\/www.grawosiedle.polsl.pl\/wp-content\/uploads\/2023\/09\/20230324_120233-768x355.jpg 768w, https:\/\/www.grawosiedle.polsl.pl\/wp-content\/uploads\/2023\/09\/20230324_120233-1536x710.jpg 1536w, https:\/\/www.grawosiedle.polsl.pl\/wp-content\/uploads\/2023\/09\/20230324_120233.jpg 1920w\" sizes=\"(max-width: 767px) 89vw, (max-width: 1000px) 54vw, (max-width: 1071px) 543px, 580px\" \/>\n<p>\u00a0<\/p>\n<figcaption class=\"wp-element-caption\"><em>pr\u00f3ba prototypu gry: prof. Lamberto Amistadi podczas wizyty na Wydziale architektury Politechniki \u015al\u0105skiej 03.2023<\/em><\/figcaption>\n<\/figure>\n<p><!-- \/wp:image --><\/p>\n<p><!-- wp:image {\"id\":761,\"width\":674,\"height\":311,\"sizeSlug\":\"large\",\"linkDestination\":\"none\"} --><\/p>\n<figure class=\"wp-block-image size-large is-resized\"><img loading=\"lazy\" decoding=\"async\" class=\"wp-image-761\" style=\"width: 674px; height: 311px;\" src=\"https:\/\/www.grawosiedle.polsl.pl\/wp-content\/uploads\/2023\/08\/20230630_111736-1024x473.jpg\" alt=\"\" width=\"674\" height=\"311\" srcset=\"https:\/\/www.grawosiedle.polsl.pl\/wp-content\/uploads\/2023\/08\/20230630_111736-1024x473.jpg 1024w, https:\/\/www.grawosiedle.polsl.pl\/wp-content\/uploads\/2023\/08\/20230630_111736-300x139.jpg 300w, https:\/\/www.grawosiedle.polsl.pl\/wp-content\/uploads\/2023\/08\/20230630_111736-768x355.jpg 768w, https:\/\/www.grawosiedle.polsl.pl\/wp-content\/uploads\/2023\/08\/20230630_111736-1536x710.jpg 1536w, https:\/\/www.grawosiedle.polsl.pl\/wp-content\/uploads\/2023\/08\/20230630_111736.jpg 1920w\" sizes=\"(max-width: 674px) 100vw, 674px\" \/><\/figure>\n<p><!-- \/wp:image --><\/p>\n<p><!-- wp:paragraph {\"fontSize\":\"small\"} --><\/p>\n<p class=\"has-small-font-size\"><em>pierwsza seria kart wydrukowana, Wydzia\u0142 Architektury Politechniki \u015al\u0105skiej, Gliwice, Polska 06.2023, fot. T. Bradecki<\/em><\/p>\n<p><!-- \/wp:paragraph --><\/p>\n<p><!-- wp:image {\"id\":762,\"sizeSlug\":\"large\",\"linkDestination\":\"none\"} --><\/p>\n<figure class=\"wp-block-image size-large\"><img loading=\"lazy\" decoding=\"async\" width=\"1024\" height=\"473\" class=\"wp-image-762\" src=\"https:\/\/www.grawosiedle.polsl.pl\/wp-content\/uploads\/2023\/08\/20230513_095456-1024x473.jpg\" alt=\"\" srcset=\"https:\/\/www.grawosiedle.polsl.pl\/wp-content\/uploads\/2023\/08\/20230513_095456-1024x473.jpg 1024w, https:\/\/www.grawosiedle.polsl.pl\/wp-content\/uploads\/2023\/08\/20230513_095456-300x139.jpg 300w, https:\/\/www.grawosiedle.polsl.pl\/wp-content\/uploads\/2023\/08\/20230513_095456-768x355.jpg 768w, https:\/\/www.grawosiedle.polsl.pl\/wp-content\/uploads\/2023\/08\/20230513_095456-1536x710.jpg 1536w, https:\/\/www.grawosiedle.polsl.pl\/wp-content\/uploads\/2023\/08\/20230513_095456.jpg 1920w\" sizes=\"(max-width: 767px) 89vw, (max-width: 1000px) 54vw, (max-width: 1071px) 543px, 580px\" \/><\/figure>\n<p><!-- \/wp:image --><\/p>\n<p><!-- wp:paragraph {\"fontSize\":\"small\"} --><\/p>\n<p class=\"has-small-font-size\"><em>prototyp &#8211; nieformalne prezentacje, Wydzia\u0142 Architektury Politechniki Krakowskiej, Krak\u00f3w, Polska 05.2023, fot. T. Bradecki<\/em><\/p>\n<p><!-- \/wp:paragraph --><\/p>\n<p><!-- wp:image {\"id\":763,\"sizeSlug\":\"large\",\"linkDestination\":\"none\"} --><\/p>\n<figure class=\"wp-block-image size-large\"><img loading=\"lazy\" decoding=\"async\" width=\"1024\" height=\"473\" class=\"wp-image-763\" src=\"https:\/\/www.grawosiedle.polsl.pl\/wp-content\/uploads\/2023\/08\/20230227_142723-1024x473.jpg\" alt=\"\" srcset=\"https:\/\/www.grawosiedle.polsl.pl\/wp-content\/uploads\/2023\/08\/20230227_142723-1024x473.jpg 1024w, https:\/\/www.grawosiedle.polsl.pl\/wp-content\/uploads\/2023\/08\/20230227_142723-300x139.jpg 300w, https:\/\/www.grawosiedle.polsl.pl\/wp-content\/uploads\/2023\/08\/20230227_142723-768x355.jpg 768w, https:\/\/www.grawosiedle.polsl.pl\/wp-content\/uploads\/2023\/08\/20230227_142723-1536x710.jpg 1536w, https:\/\/www.grawosiedle.polsl.pl\/wp-content\/uploads\/2023\/08\/20230227_142723-2048x946.jpg 2048w\" sizes=\"(max-width: 767px) 89vw, (max-width: 1000px) 54vw, (max-width: 1071px) 543px, 580px\" \/><\/figure>\n<p><!-- \/wp:image --><\/p>\n<p><!-- wp:paragraph {\"fontSize\":\"small\"} --><\/p>\n<p class=\"has-small-font-size\"><em>prototyp &#8211; prezentacja przed recenzentem, Ozyegin Univeristy of Technology, Faculty of Architecture, Istanbul, Turcja 03.2023, fot. T. Bradecki<\/em><\/p>\n<p><!-- \/wp:paragraph --><\/p>\n<p><!-- wp:image {\"id\":764,\"sizeSlug\":\"large\",\"linkDestination\":\"none\"} --><\/p>\n<figure class=\"wp-block-image size-large\"><img loading=\"lazy\" decoding=\"async\" width=\"1024\" height=\"473\" class=\"wp-image-764\" src=\"https:\/\/www.grawosiedle.polsl.pl\/wp-content\/uploads\/2023\/08\/20230227_154017-1024x473.jpg\" alt=\"\" srcset=\"https:\/\/www.grawosiedle.polsl.pl\/wp-content\/uploads\/2023\/08\/20230227_154017-1024x473.jpg 1024w, https:\/\/www.grawosiedle.polsl.pl\/wp-content\/uploads\/2023\/08\/20230227_154017-300x139.jpg 300w, https:\/\/www.grawosiedle.polsl.pl\/wp-content\/uploads\/2023\/08\/20230227_154017-768x355.jpg 768w, https:\/\/www.grawosiedle.polsl.pl\/wp-content\/uploads\/2023\/08\/20230227_154017-1536x710.jpg 1536w, https:\/\/www.grawosiedle.polsl.pl\/wp-content\/uploads\/2023\/08\/20230227_154017-2048x946.jpg 2048w\" sizes=\"(max-width: 767px) 89vw, (max-width: 1000px) 54vw, (max-width: 1071px) 543px, 580px\" \/><\/figure>\n<p><!-- \/wp:image --><\/p>\n<p><!-- wp:paragraph {\"fontSize\":\"small\"} --><\/p>\n<p class=\"has-small-font-size\"><em>prototyp &#8211; prezentacja przed recenzentem &#8211; na zdj\u0119ciu prof.Alessandro Camiz, Ozyegin Univeristy of Technology, Faculty of Architecture, Istanbul, Turcja 03.2023, fot. T. Brade<\/em><\/p>\n<p><!-- \/wp:paragraph --><\/p>\t\t\t\t\t\t<\/div>\n\t\t\t\t<\/div>\n\t\t\t\t\t<\/div>\n\t\t\t\t<\/div>\n\t\t<div class=\"elementor-element elementor-element-a99d361 e-flex e-con-boxed e-con e-parent\" data-id=\"a99d361\" data-element_type=\"container\" data-settings=\"{&quot;content_width&quot;:&quot;boxed&quot;}\" data-core-v316-plus=\"true\">\n\t\t\t\t\t<div class=\"e-con-inner\">\n\t\t\t\t\t<\/div>\n\t\t\t\t<\/div>\n\t\t\t\t\t\t\t<\/div>\n\t\t","protected":false},"excerpt":{"rendered":"<p>Na tej stronie prezentujemy opiniodawc\u00f3w oraz graczy z nasz\u0105 gr\u0105 w r\u00f3\u017cnych miejscach i okoliczno\u015bciach. Zapraszamy do nadsy\u0142ania zdj\u0119\u0107 na maila :&nbsp;info@urbanmodel.org Testowanie gry planszowej na zaj\u0119ciach pierwszego roku studi\u00f3w 1 stopnia na kierunku &#8211; Gospodarka Przestrzenna Uniwersytetu Ekonomicznego fot. M.Baron. Prezentacja gry w kole naukowym CityInSight z Wydzia\u0142u Gospodarki Przestrzennej na Uniwersytecie \u015al\u0105skim w &hellip; <\/p>\n<p class=\"link-more\"><a href=\"https:\/\/www.grawosiedle.polsl.pl\/index.php\/galeria\/\" class=\"more-link\">Czytaj dalej<span class=\"screen-reader-text\"> \u201eGALERIA\u201d<\/span><\/a><\/p>\n","protected":false},"author":1,"featured_media":0,"parent":0,"menu_order":-1,"comment_status":"closed","ping_status":"closed","template":"","meta":{"footnotes":"[]"},"class_list":["post-760","page","type-page","status-publish","hentry"],"_links":{"self":[{"href":"https:\/\/www.grawosiedle.polsl.pl\/index.php\/wp-json\/wp\/v2\/pages\/760","targetHints":{"allow":["GET"]}}],"collection":[{"href":"https:\/\/www.grawosiedle.polsl.pl\/index.php\/wp-json\/wp\/v2\/pages"}],"about":[{"href":"https:\/\/www.grawosiedle.polsl.pl\/index.php\/wp-json\/wp\/v2\/types\/page"}],"author":[{"embeddable":true,"href":"https:\/\/www.grawosiedle.polsl.pl\/index.php\/wp-json\/wp\/v2\/users\/1"}],"replies":[{"embeddable":true,"href":"https:\/\/www.grawosiedle.polsl.pl\/index.php\/wp-json\/wp\/v2\/comments?post=760"}],"version-history":[{"count":68,"href":"https:\/\/www.grawosiedle.polsl.pl\/index.php\/wp-json\/wp\/v2\/pages\/760\/revisions"}],"predecessor-version":[{"id":1854,"href":"https:\/\/www.grawosiedle.polsl.pl\/index.php\/wp-json\/wp\/v2\/pages\/760\/revisions\/1854"}],"wp:attachment":[{"href":"https:\/\/www.grawosiedle.polsl.pl\/index.php\/wp-json\/wp\/v2\/media?parent=760"}],"curies":[{"name":"wp","href":"https:\/\/api.w.org\/{rel}","templated":true}]}}