{"id":753,"date":"2023-08-31T09:40:30","date_gmt":"2023-08-31T07:40:30","guid":{"rendered":"https:\/\/www.grawosiedle.polsl.pl\/?page_id=753"},"modified":"2024-12-19T11:05:39","modified_gmt":"2024-12-19T10:05:39","slug":"gra-planszowa","status":"publish","type":"page","link":"https:\/\/www.grawosiedle.polsl.pl\/index.php\/gra-planszowa\/","title":{"rendered":"GRA PLANSZOWA"},"content":{"rendered":"\n<p><strong>OSIEDLOPOLIS \u2013 Twoja ulubiona gra w nowej ods\u0142onie!<\/strong><\/p>\n\n\n\n<p>Tak &#8211; w nasz\u0105 gr\u0119 b\u0119dzie mo\u017cna zagra\u0107 na dedykowanych planszach.  <\/p>\n\n\n\n<p>Wyobra\u017a sobie ma\u0142e lub du\u017ce osiedle, strategiczn\u0105 gr\u0119 z kostkami i mn\u00f3stwo emocji! Teraz mo\u017cesz zagra\u0107 w \u201eOsiedlopolis\u201d na dedykowanych planszach, kt\u00f3re dodadz\u0105 nowy wymiar do Twojej rozgrywki.<\/p>\n\n\n\n<p>Gra planszowa \u201eOsiedlopolis\u201d, kt\u00f3ra w\u0142a\u015bnie trafi\u0142a do sprzeda\u017cy, jest idealnym uzupe\u0142nieniem znanych i lubianych kart. Dzi\u0119ki niej stworzysz pe\u0142ny zestaw do gry, \u0142\u0105cz\u0105c dynamiczn\u0105 strategi\u0119 z planszowymi elementami rozgrywki.<\/p>\n\n\n\n<p><strong>Dost\u0119pne opcje zakupu:<\/strong><\/p>\n\n\n\n<ul class=\"wp-block-list\">\n<li>Zestaw \u201e<a href=\"https:\/\/esklep.polsl.pl\/shop-full-width\/strona-glowna-2\/gadzety\/gra-planszowa-i-karciana-gra-osiedle\/\">karty + plansze<\/a>\u201d \u2013 komplet dla nowych graczy, gotowy do gry od razu po rozpakowaniu.<\/li>\n<\/ul>\n\n\n\n<p>Gra planszowa jest wzorowana na popularnym MONOPOLY: s\u0105 w niej dzia\u0142ki, waluta, kt\u00f3r\u0105 wymieniamy na dzia\u0142ki karty i zesp\u00f3\u0142 regu\u0142, kt\u00f3re pozwalaj\u0105 na wypracowanie strategii, by budowa\u0107 lepsze osiedla. Rozgrywka jest zaplanowana dla \u015bredniozaawansowanych graczy, kt\u00f3rzy zapoznali si\u0119 z podstawami naszym kart i trwa od 30 do nawet 90 minut. Gr\u0119 zaprojektowano w taki spos\u00f3b by zapozna\u0107 si\u0119 z naszymi kartami w czasie ok 15 do 20 minut, a nast\u0119pnie by rozpocz\u0105\u0107 gry planszowe.  <\/p>\n\n\n\n<figure class=\"wp-block-gallery has-nested-images columns-default is-cropped wp-block-gallery-1 is-layout-flex wp-block-gallery-is-layout-flex\">\n<figure class=\"wp-block-image size-large\"><img fetchpriority=\"high\" decoding=\"async\" width=\"768\" height=\"1024\" data-id=\"1821\" src=\"https:\/\/www.grawosiedle.polsl.pl\/wp-content\/uploads\/2024\/12\/IMG_6140-scaled-e1733845607128-768x1024.jpeg\" alt=\"\" class=\"wp-image-1821\" srcset=\"https:\/\/www.grawosiedle.polsl.pl\/wp-content\/uploads\/2024\/12\/IMG_6140-scaled-e1733845607128-768x1024.jpeg 768w, https:\/\/www.grawosiedle.polsl.pl\/wp-content\/uploads\/2024\/12\/IMG_6140-scaled-e1733845607128-225x300.jpeg 225w, https:\/\/www.grawosiedle.polsl.pl\/wp-content\/uploads\/2024\/12\/IMG_6140-scaled-e1733845607128-1152x1536.jpeg 1152w, https:\/\/www.grawosiedle.polsl.pl\/wp-content\/uploads\/2024\/12\/IMG_6140-scaled-e1733845607128-1536x2048.jpeg 1536w, https:\/\/www.grawosiedle.polsl.pl\/wp-content\/uploads\/2024\/12\/IMG_6140-scaled-e1733845607128.jpeg 1920w\" sizes=\"(max-width: 767px) 89vw, (max-width: 1000px) 54vw, (max-width: 1071px) 543px, 580px\" \/><\/figure>\n\n\n\n<figure class=\"wp-block-image size-large\"><img decoding=\"async\" width=\"768\" height=\"1024\" data-id=\"1824\" src=\"https:\/\/www.grawosiedle.polsl.pl\/wp-content\/uploads\/2024\/12\/IMG_6174-768x1024.jpeg\" alt=\"\" class=\"wp-image-1824\" srcset=\"https:\/\/www.grawosiedle.polsl.pl\/wp-content\/uploads\/2024\/12\/IMG_6174-768x1024.jpeg 768w, https:\/\/www.grawosiedle.polsl.pl\/wp-content\/uploads\/2024\/12\/IMG_6174-225x300.jpeg 225w, https:\/\/www.grawosiedle.polsl.pl\/wp-content\/uploads\/2024\/12\/IMG_6174-1152x1536.jpeg 1152w, https:\/\/www.grawosiedle.polsl.pl\/wp-content\/uploads\/2024\/12\/IMG_6174-1536x2048.jpeg 1536w, https:\/\/www.grawosiedle.polsl.pl\/wp-content\/uploads\/2024\/12\/IMG_6174-scaled.jpeg 1920w\" sizes=\"(max-width: 767px) 89vw, (max-width: 1000px) 54vw, (max-width: 1071px) 543px, 580px\" \/><\/figure>\n<\/figure>\n\n\n\n<p>Nasza gra planszowa by\u0142a testowana w fazie prototypu przez Uniwersytet ekonomiczny w Katowicach oraz Ko\u0142o<em> Naukowe<\/em>&nbsp;Gospodarki Przestrzennej&nbsp;<em>Spatium<\/em>&nbsp;dzia\u0142aj\u0105cego na Wydziale Geografii i Studi\u00f3w Regionalnych na Uniwersytecie Warszawskim<\/p>\n\n\n\n<p>W zestawie  GRA w OSIEDLE, gra planszowa, gra karciana, gra urbanistyczna znajduj\u0105 si\u0119:<br>&#8211; 2 zestawy kart do gry w pude\u0142kach; talia 2D i talia 3D &#8211; wykorzystywana do gier karcianych<br>&#8211; 8 element\u00f3w tworz\u0105cych:<br>&#8211; 1 plansze do gry w WARCABY osiedlowe &#8211; gra wzorowana na warcabach, wykorzystuj\u0105ca karty i wska\u017aniki urbanistyczne dla pocz\u0105tkuj\u0105cych (plansza sk\u0142adana z 4 element\u00f3w)<br>&#8211; 1 plansze do gry w BAZY osiedlowe &#8211; gra wzorowana na grze w 'Chi\u0144czyka&#8217; wykorzystuj\u0105ca karty, pionki i wska\u017aniki urbanistyczne dla \u015bredniozaawansowanych  (plansza sk\u0142adana z 4 element\u00f3w)<br>&#8211; kilkustronnicowa instrukcja do r\u00f3\u017cnych gier<br>&#8211; zestaw \u017ceton\u00f3w spe\u0142niaj\u0105cych funkcje waluty o r\u00f3\u017cnych nomina\u0142ach<br>&#8211; 4 dedykowane pionki do gry (wydruk 3D)<br>&#8211; 2 kostki do gry (wydruk 3D)<br>&#8211; 12 \u0142\u0105cznik\u00f3w o specjalnym przeznaczeniu (wydruk 3D)<\/p>\n\n\n\n<p style=\"text-decoration:underline\"><strong>Wszystkie gry maj\u0105 na celu szeroko rozumian\u0105 edukacj\u0119 w zakresie planowania i projektowania urbanistycznego osiedli, demonstracj\u0119 regu\u0142 zbli\u017conych do tych, kt\u00f3re obowi\u0105zuj\u0105 w rzeczywisto\u015bci i promuj\u0105 rozwi\u0105zania proekologiczne i zr\u00f3wnowa\u017cone.<\/strong><\/p>\n\n\n\n<p><\/p>\n","protected":false},"excerpt":{"rendered":"<p>OSIEDLOPOLIS \u2013 Twoja ulubiona gra w nowej ods\u0142onie! Tak &#8211; w nasz\u0105 gr\u0119 b\u0119dzie mo\u017cna zagra\u0107 na dedykowanych planszach. Wyobra\u017a sobie ma\u0142e lub du\u017ce osiedle, strategiczn\u0105 gr\u0119 z kostkami i mn\u00f3stwo emocji! Teraz mo\u017cesz zagra\u0107 w \u201eOsiedlopolis\u201d na dedykowanych planszach, kt\u00f3re dodadz\u0105 nowy wymiar do Twojej rozgrywki. Gra planszowa \u201eOsiedlopolis\u201d, kt\u00f3ra w\u0142a\u015bnie trafi\u0142a do sprzeda\u017cy, &hellip; <\/p>\n<p class=\"link-more\"><a href=\"https:\/\/www.grawosiedle.polsl.pl\/index.php\/gra-planszowa\/\" class=\"more-link\">Czytaj dalej<span class=\"screen-reader-text\"> \u201eGRA PLANSZOWA\u201d<\/span><\/a><\/p>\n","protected":false},"author":1,"featured_media":0,"parent":0,"menu_order":0,"comment_status":"closed","ping_status":"closed","template":"","meta":{"footnotes":""},"class_list":["post-753","page","type-page","status-publish","hentry"],"_links":{"self":[{"href":"https:\/\/www.grawosiedle.polsl.pl\/index.php\/wp-json\/wp\/v2\/pages\/753","targetHints":{"allow":["GET"]}}],"collection":[{"href":"https:\/\/www.grawosiedle.polsl.pl\/index.php\/wp-json\/wp\/v2\/pages"}],"about":[{"href":"https:\/\/www.grawosiedle.polsl.pl\/index.php\/wp-json\/wp\/v2\/types\/page"}],"author":[{"embeddable":true,"href":"https:\/\/www.grawosiedle.polsl.pl\/index.php\/wp-json\/wp\/v2\/users\/1"}],"replies":[{"embeddable":true,"href":"https:\/\/www.grawosiedle.polsl.pl\/index.php\/wp-json\/wp\/v2\/comments?post=753"}],"version-history":[{"count":6,"href":"https:\/\/www.grawosiedle.polsl.pl\/index.php\/wp-json\/wp\/v2\/pages\/753\/revisions"}],"predecessor-version":[{"id":1871,"href":"https:\/\/www.grawosiedle.polsl.pl\/index.php\/wp-json\/wp\/v2\/pages\/753\/revisions\/1871"}],"wp:attachment":[{"href":"https:\/\/www.grawosiedle.polsl.pl\/index.php\/wp-json\/wp\/v2\/media?parent=753"}],"curies":[{"name":"wp","href":"https:\/\/api.w.org\/{rel}","templated":true}]}}