{"id":588,"date":"2023-06-27T17:38:51","date_gmt":"2023-06-27T15:38:51","guid":{"rendered":"https:\/\/www.grawosiedle.polsl.pl\/?page_id=588"},"modified":"2024-12-19T10:57:45","modified_gmt":"2024-12-19T09:57:45","slug":"kup","status":"publish","type":"page","link":"https:\/\/www.grawosiedle.polsl.pl\/index.php\/kup\/","title":{"rendered":"SPRZEDA\u017b"},"content":{"rendered":"\n<div class=\"wp-block-buttons is-content-justification-space-between is-layout-flex wp-container-core-buttons-is-layout-92ad474a wp-block-buttons-is-layout-flex\">\n<div class=\"wp-block-button\"><a class=\"wp-block-button__link has-text-align-right wp-element-button\" href=\"https:\/\/esklep.polsl.pl\/shop-full-width\/strona-glowna-2\/gadzety\/gra-w-osiedle\/\">KUP KARTY<\/a><\/div>\n\n\n\n<div class=\"wp-block-button\"><a class=\"wp-block-button__link wp-element-button\" href=\"https:\/\/esklep.polsl.pl\/shop-full-width\/strona-glowna-2\/gadzety\/gra-planszowa-i-karciana-gra-osiedle\/\">KUP GR\u0118 PLANSZOW\u0104<\/a><\/div>\n<\/div>\n\n\n\n<p><br><\/p>\n\n\n\n<p class=\"has-small-font-size\"><\/p>\n\n\n\n<div class=\"wp-block-group\"><div class=\"wp-block-group__inner-container is-layout-constrained wp-block-group-is-layout-constrained\">\n<figure class=\"wp-block-gallery has-nested-images columns-default is-cropped wp-block-gallery-1 is-layout-flex wp-block-gallery-is-layout-flex\">\n<figure class=\"wp-block-image size-large\"><img fetchpriority=\"high\" decoding=\"async\" width=\"1024\" height=\"683\" data-id=\"1856\" src=\"https:\/\/www.grawosiedle.polsl.pl\/wp-content\/uploads\/2024\/12\/URBANMODEL-30-1024x683.jpg\" alt=\"\" class=\"wp-image-1856\" srcset=\"https:\/\/www.grawosiedle.polsl.pl\/wp-content\/uploads\/2024\/12\/URBANMODEL-30-1024x683.jpg 1024w, https:\/\/www.grawosiedle.polsl.pl\/wp-content\/uploads\/2024\/12\/URBANMODEL-30-300x200.jpg 300w, https:\/\/www.grawosiedle.polsl.pl\/wp-content\/uploads\/2024\/12\/URBANMODEL-30-768x512.jpg 768w, https:\/\/www.grawosiedle.polsl.pl\/wp-content\/uploads\/2024\/12\/URBANMODEL-30-1536x1025.jpg 1536w, https:\/\/www.grawosiedle.polsl.pl\/wp-content\/uploads\/2024\/12\/URBANMODEL-30-2048x1366.jpg 2048w\" sizes=\"(max-width: 767px) 89vw, (max-width: 1000px) 54vw, (max-width: 1071px) 543px, 580px\" \/><\/figure>\n\n\n\n<figure class=\"wp-block-image size-large\"><img decoding=\"async\" width=\"1024\" height=\"683\" data-id=\"1855\" src=\"https:\/\/www.grawosiedle.polsl.pl\/wp-content\/uploads\/2024\/12\/URBANMODEL-52-1024x683.jpg\" alt=\"\" class=\"wp-image-1855\" srcset=\"https:\/\/www.grawosiedle.polsl.pl\/wp-content\/uploads\/2024\/12\/URBANMODEL-52-1024x683.jpg 1024w, https:\/\/www.grawosiedle.polsl.pl\/wp-content\/uploads\/2024\/12\/URBANMODEL-52-300x200.jpg 300w, https:\/\/www.grawosiedle.polsl.pl\/wp-content\/uploads\/2024\/12\/URBANMODEL-52-768x512.jpg 768w, https:\/\/www.grawosiedle.polsl.pl\/wp-content\/uploads\/2024\/12\/URBANMODEL-52-1536x1024.jpg 1536w, https:\/\/www.grawosiedle.polsl.pl\/wp-content\/uploads\/2024\/12\/URBANMODEL-52-2048x1366.jpg 2048w\" sizes=\"(max-width: 767px) 89vw, (max-width: 1000px) 54vw, (max-width: 1071px) 543px, 580px\" \/><\/figure>\n<\/figure>\n<\/div><\/div>\n\n\n\n<p>Gra sk\u0142ada si\u0119 z dw\u00f3ch talii kart, kt\u00f3re mog\u0105 wykorzystane do typowych gier w karty (2 talie po 55 kart). W zestawie s\u0105 tak\u017ce karty dodatkowe do zastosowa\u0144 zwi\u0105zanych z grami dedykowanymi. Pierwsza talia obrazuje plany zagospodarowania w formie2D, a druga w formie analogiczne figury w formie 3D. Talia 3D zawiera informacj\u0119 o podstawowych wska\u017anikach urbanistycznych oraz QR kody &#8211; odno\u015bniki do modeli 3D w internecie. Instrukcja opisuje 10 gier dedykowanych. Mo\u017cliwo\u015bci i zastosowania gry opisano na stronie\u00a0<a href=\"http:\/\/www.grawosiedle.polsl.pl\/\">www.grawosiedle.polsl.pl<\/a>. <\/p>\n\n\n\n<p>Gra jest przydatna dla r\u00f3\u017cnych grup u\u017cytkownik\u00f3w od pocz\u0105tkuj\u0105cych (GRA W WOJN\u0118) a\u017c po profesjonalist\u00f3w do zastosowania w nauczaniu akademickim i w procesach partycypacyjnych.<\/p>\n\n\n\n<div class=\"wp-block-cover\"><span aria-hidden=\"true\" class=\"wp-block-cover__background has-background-dim\"><\/span><img decoding=\"async\" width=\"473\" height=\"1024\" class=\"wp-block-cover__image-background wp-image-1846\" alt=\"\" src=\"https:\/\/www.grawosiedle.polsl.pl\/wp-content\/uploads\/2024\/12\/image-3-473x1024.png\" data-object-fit=\"cover\" srcset=\"https:\/\/www.grawosiedle.polsl.pl\/wp-content\/uploads\/2024\/12\/image-3-473x1024.png 473w, https:\/\/www.grawosiedle.polsl.pl\/wp-content\/uploads\/2024\/12\/image-3-139x300.png 139w, https:\/\/www.grawosiedle.polsl.pl\/wp-content\/uploads\/2024\/12\/image-3-768x1663.png 768w, https:\/\/www.grawosiedle.polsl.pl\/wp-content\/uploads\/2024\/12\/image-3-710x1536.png 710w, https:\/\/www.grawosiedle.polsl.pl\/wp-content\/uploads\/2024\/12\/image-3.png 946w\" sizes=\"(max-width: 473px) 100vw, 473px\" \/><div class=\"wp-block-cover__inner-container is-layout-flow wp-block-cover-is-layout-flow\">\n<p class=\"has-text-align-center has-large-font-size\">GRA PLANSZOWA<\/p>\n<\/div><\/div>\n\n\n\n<p>pe\u0142na informacja wraz z instrukcj\u0105 PDF gry tutaj:&nbsp;<a rel=\"noreferrer noopener\" href=\"https:\/\/delibra.bg.polsl.pl\/Content\/76315\/download\/\" target=\"_blank\">https:\/\/delibra.bg.polsl.pl\/Content\/76315\/download\/<\/a><\/p>\n\n\n\n<p>Je\u015bli jeste\u015b zainteresowana\/y zakupem napisz<strong> info@urbanmodel.org<\/strong><\/p>\n\n\n\n<figure class=\"wp-block-image size-large\"><img loading=\"lazy\" decoding=\"async\" width=\"1024\" height=\"731\" src=\"https:\/\/www.grawosiedle.polsl.pl\/wp-content\/uploads\/2023\/07\/GRA-W-OSIEDLE6-1024x731.jpg\" alt=\"\" class=\"wp-image-735\" srcset=\"https:\/\/www.grawosiedle.polsl.pl\/wp-content\/uploads\/2023\/07\/GRA-W-OSIEDLE6-1024x731.jpg 1024w, https:\/\/www.grawosiedle.polsl.pl\/wp-content\/uploads\/2023\/07\/GRA-W-OSIEDLE6-300x214.jpg 300w, https:\/\/www.grawosiedle.polsl.pl\/wp-content\/uploads\/2023\/07\/GRA-W-OSIEDLE6-768x548.jpg 768w, https:\/\/www.grawosiedle.polsl.pl\/wp-content\/uploads\/2023\/07\/GRA-W-OSIEDLE6-1536x1097.jpg 1536w, https:\/\/www.grawosiedle.polsl.pl\/wp-content\/uploads\/2023\/07\/GRA-W-OSIEDLE6-2048x1462.jpg 2048w\" sizes=\"(max-width: 767px) 89vw, (max-width: 1000px) 54vw, (max-width: 1071px) 543px, 580px\" \/><\/figure>\n\n\n\n<p class=\"has-small-font-size\">Poni\u017cej wymieniamy sponsor\u00f3w, dzieki kt\u00f3rym wydajemy kolejne serie gry &#8211; logo sponsor\u00f3w jest na odwrocie kart:<\/p>\n\n\n\n<p class=\"has-small-font-size\">seria 2024\/11-  wsparcie dzi\u0119ki firmie <a href=\"https:\/\/zsk.pl\/\">Zak\u0142ad System\u00f3w Komputerowych ZSK<\/a>&#8211; seria kart sygnowana logo firmy &#8211; <\/p>\n\n\n\n<p class=\"has-small-font-size\">seria 2023\/11 &#8211; 50 kopii &#8211; wsparcie dzi\u0119ki firmie<strong> PONER<\/strong> <a href=\"https:\/\/www.poner.pl\/ \">https:\/\/www.poner.pl\/ <\/a>&#8211; seria kart sygnowana logo firmy &#8211; zysk ze sprzeda\u017cy b\u0119dzie przeznaczony na rozw\u00f3j projektu.<br>seria 2023\/07 &#8211; 10 kopii &#8211; dzia\u0142 Promocji POLSL &#8211; 10 egzemplarzy sprzedane<\/p>\n\n\n\n<p><\/p>\n","protected":false},"excerpt":{"rendered":"<p>Gra sk\u0142ada si\u0119 z dw\u00f3ch talii kart, kt\u00f3re mog\u0105 wykorzystane do typowych gier w karty (2 talie po 55 kart). W zestawie s\u0105 tak\u017ce karty dodatkowe do zastosowa\u0144 zwi\u0105zanych z grami dedykowanymi. Pierwsza talia obrazuje plany zagospodarowania w formie2D, a druga w formie analogiczne figury w formie 3D. Talia 3D zawiera informacj\u0119 o podstawowych wska\u017anikach &hellip; <\/p>\n<p class=\"link-more\"><a href=\"https:\/\/www.grawosiedle.polsl.pl\/index.php\/kup\/\" class=\"more-link\">Czytaj dalej<span class=\"screen-reader-text\"> \u201eSPRZEDA\u017b\u201d<\/span><\/a><\/p>\n","protected":false},"author":1,"featured_media":0,"parent":0,"menu_order":0,"comment_status":"closed","ping_status":"closed","template":"","meta":{"footnotes":""},"class_list":["post-588","page","type-page","status-publish","hentry"],"_links":{"self":[{"href":"https:\/\/www.grawosiedle.polsl.pl\/index.php\/wp-json\/wp\/v2\/pages\/588","targetHints":{"allow":["GET"]}}],"collection":[{"href":"https:\/\/www.grawosiedle.polsl.pl\/index.php\/wp-json\/wp\/v2\/pages"}],"about":[{"href":"https:\/\/www.grawosiedle.polsl.pl\/index.php\/wp-json\/wp\/v2\/types\/page"}],"author":[{"embeddable":true,"href":"https:\/\/www.grawosiedle.polsl.pl\/index.php\/wp-json\/wp\/v2\/users\/1"}],"replies":[{"embeddable":true,"href":"https:\/\/www.grawosiedle.polsl.pl\/index.php\/wp-json\/wp\/v2\/comments?post=588"}],"version-history":[{"count":19,"href":"https:\/\/www.grawosiedle.polsl.pl\/index.php\/wp-json\/wp\/v2\/pages\/588\/revisions"}],"predecessor-version":[{"id":1866,"href":"https:\/\/www.grawosiedle.polsl.pl\/index.php\/wp-json\/wp\/v2\/pages\/588\/revisions\/1866"}],"wp:attachment":[{"href":"https:\/\/www.grawosiedle.polsl.pl\/index.php\/wp-json\/wp\/v2\/media?parent=588"}],"curies":[{"name":"wp","href":"https:\/\/api.w.org\/{rel}","templated":true}]}}