{"id":457,"date":"2023-06-09T00:02:18","date_gmt":"2023-06-08T22:02:18","guid":{"rendered":"https:\/\/www.grawosiedle.polsl.pl\/?page_id=457"},"modified":"2023-06-09T00:02:18","modified_gmt":"2023-06-08T22:02:18","slug":"model-czesci-osiedla-pierwsza-dzielnica-w-katowicach","status":"publish","type":"page","link":"https:\/\/www.grawosiedle.polsl.pl\/index.php\/model-czesci-osiedla-pierwsza-dzielnica-w-katowicach\/","title":{"rendered":"MODEL CZ\u0118\u015aCI OSIEDLA PIERWSZA DZIELNICA W KATOWICACH"},"content":{"rendered":"\n<p><\/p>\n\n\n\n<p><strong>Model cz\u0119\u015bci osiedla Pierwsza Dzielnica w Katowicach<\/strong><\/p>\n\n\n\n<figure class=\"wp-block-image size-large is-resized\"><img fetchpriority=\"high\" decoding=\"async\" src=\"https:\/\/www.grawosiedle.polsl.pl\/wp-content\/uploads\/2023\/06\/piersza-dzielnica_aksonometria_21.03-1024x791.jpg\" alt=\"\" class=\"wp-image-231\" width=\"715\" height=\"552\" srcset=\"https:\/\/www.grawosiedle.polsl.pl\/wp-content\/uploads\/2023\/06\/piersza-dzielnica_aksonometria_21.03-1024x791.jpg 1024w, https:\/\/www.grawosiedle.polsl.pl\/wp-content\/uploads\/2023\/06\/piersza-dzielnica_aksonometria_21.03-300x232.jpg 300w, https:\/\/www.grawosiedle.polsl.pl\/wp-content\/uploads\/2023\/06\/piersza-dzielnica_aksonometria_21.03-768x594.jpg 768w, https:\/\/www.grawosiedle.polsl.pl\/wp-content\/uploads\/2023\/06\/piersza-dzielnica_aksonometria_21.03.jpg 1061w\" sizes=\"(max-width: 715px) 100vw, 715px\" \/><\/figure>\n\n\n<div class=\"wp-block-image\">\n<figure class=\"aligncenter size-full is-resized\"><img decoding=\"async\" src=\"https:\/\/www.grawosiedle.polsl.pl\/wp-content\/uploads\/2023\/06\/piersza-dzielnica_rzut_21.03-1.jpg\" alt=\"\" class=\"wp-image-241\" width=\"416\" height=\"489\"\/><\/figure>\n<\/div>\n\n\n<p>Intensywno\u015b\u0107 zabudowy mieszkaniowej to poj\u0119cie, kt\u00f3re charakteryzuje si\u0119 skuteczno\u015bci\u0105 wykorzystania terenu w celu uzyskania okre\u015blonej liczby mieszka\u0144 lub powierzchni budynk\u00f3w mieszkalnych na dzia\u0142ce.&nbsp;<\/p>\n\n\n\n<p><\/p>\n\n\n\n<p>Wzrost intensywno\u015bci zabudowy jest zauwa\u017calny zw\u0142aszcza w centrach du\u017cych miast czego przyk\u0142adem jest Pierwsza Dzielnica w Katowicach projektu pracowni architektonicznej Medusa Group.&nbsp;<\/p>\n\n\n\n<p>Zesp\u00f3\u0142 ten wyr\u00f3\u017cnia si\u0119 wysok\u0105 atrakcyjno\u015bci\u0105 lokalizacji w bezpo\u015brednim s\u0105siedztwie Strefy Kultury, Spodka, Mi\u0119dzynarodowego Centrum Kongresowego, Narodowej Orkiestry Symfonicznej Polskiego Radia (NOSPR) oraz Muzeum \u015al\u0105skiego, co pozwala na korzystanie z licznych atrakcji i udogodnie\u0144, jakie oferuje miejski styl \u017cycia.&nbsp;<\/p>\n\n\n\n<p>W ramach projektu przewidziano punkty us\u0142ugowe w parterach budynk\u00f3w, przedszkola, strefy wsp\u00f3lne dla mieszka\u0144c\u00f3w, rowerownie, stacje \u0142adowania samochod\u00f3w oraz dwupoziomowy parking podziemny. Ze wzgl\u0119du na du\u017c\u0105 skal\u0119 i zr\u00f3\u017cnicowanie funkcjonalne, projekt charakteryzuje si\u0119 z\u0142o\u017cono\u015bci\u0105 przestrzenn\u0105, techniczn\u0105 i ekologiczn\u0105. Zastosowano nawierzchnie przepuszczalne, zadbano o dobre nas\u0142onecznienie oraz du\u017c\u0105 bior\u00f3\u017cnorodno\u015b\u0107 \u2013 byliny, ro\u015bliny wieloletnie, trawy ozdobne, krzewy, wielogatunkowe rabaty, sosny i brzozy. W okolicy znajduj\u0105 si\u0119 parki miejskie Bogucki i Powsta\u0144c\u00f3w \u015al\u0105skich co umo\u017cliwia mieszka\u0144com bezpo\u015bredni kontakt z zieleni\u0105 oraz krajobrazem.<\/p>\n\n\n\n<figure class=\"wp-block-image size-large is-resized\"><img decoding=\"async\" src=\"https:\/\/www.grawosiedle.polsl.pl\/wp-content\/uploads\/2023\/05\/IL22-1024x578.jpg\" alt=\"\" class=\"wp-image-190\" width=\"1049\" height=\"591\" srcset=\"https:\/\/www.grawosiedle.polsl.pl\/wp-content\/uploads\/2023\/05\/IL22-1024x578.jpg 1024w, https:\/\/www.grawosiedle.polsl.pl\/wp-content\/uploads\/2023\/05\/IL22-300x169.jpg 300w, https:\/\/www.grawosiedle.polsl.pl\/wp-content\/uploads\/2023\/05\/IL22-768x433.jpg 768w, https:\/\/www.grawosiedle.polsl.pl\/wp-content\/uploads\/2023\/05\/IL22-1536x866.jpg 1536w, https:\/\/www.grawosiedle.polsl.pl\/wp-content\/uploads\/2023\/05\/IL22-2048x1155.jpg 2048w\" sizes=\"(max-width: 767px) 89vw, (max-width: 1000px) 54vw, (max-width: 1071px) 543px, 580px\" \/><\/figure>\n\n\n\n<p>I etap Pierwszej Dzielnicy sta\u0142 si\u0119 inspiracj\u0105 do stworzenia kart: kier (mieszkaniec), trefl (planista) oraz pik (ekolog). Komponenty z tych kart wykorzystali\u015bmy do zrobienia modelu fragmentu Pierwszej Dzielnicy. Co wi\u0119cej charakterystyczne formy wie\u017c by\u0142y motywem przewodnim figur dam u\u017cytych w Grze.<\/p>\n\n\n\n<figure class=\"wp-block-image size-full is-resized\"><img loading=\"lazy\" decoding=\"async\" src=\"https:\/\/www.grawosiedle.polsl.pl\/wp-content\/uploads\/2023\/06\/piersza-dzielnica_karta-3D_21.jpg\" alt=\"\" class=\"wp-image-306\" width=\"475\" height=\"701\"\/><\/figure>\n\n\n\n<p>LINK DO MODELU 3D: <a href=\"https:\/\/skfb.ly\/oEWBn\">https:\/\/skfb.ly\/oEWBn<\/a><\/p>\n\n\n\n<p><\/p>\n","protected":false},"excerpt":{"rendered":"<p>Model cz\u0119\u015bci osiedla Pierwsza Dzielnica w Katowicach Intensywno\u015b\u0107 zabudowy mieszkaniowej to poj\u0119cie, kt\u00f3re charakteryzuje si\u0119 skuteczno\u015bci\u0105 wykorzystania terenu w celu uzyskania okre\u015blonej liczby mieszka\u0144 lub powierzchni budynk\u00f3w mieszkalnych na dzia\u0142ce.&nbsp; Wzrost intensywno\u015bci zabudowy jest zauwa\u017calny zw\u0142aszcza w centrach du\u017cych miast czego przyk\u0142adem jest Pierwsza Dzielnica w Katowicach projektu pracowni architektonicznej Medusa Group.&nbsp; Zesp\u00f3\u0142 ten wyr\u00f3\u017cnia &hellip; <\/p>\n<p class=\"link-more\"><a href=\"https:\/\/www.grawosiedle.polsl.pl\/index.php\/model-czesci-osiedla-pierwsza-dzielnica-w-katowicach\/\" class=\"more-link\">Czytaj dalej<span class=\"screen-reader-text\"> \u201eMODEL CZ\u0118\u015aCI OSIEDLA PIERWSZA DZIELNICA W KATOWICACH\u201d<\/span><\/a><\/p>\n","protected":false},"author":1,"featured_media":0,"parent":0,"menu_order":0,"comment_status":"closed","ping_status":"closed","template":"","meta":{"footnotes":""},"class_list":["post-457","page","type-page","status-publish","hentry"],"_links":{"self":[{"href":"https:\/\/www.grawosiedle.polsl.pl\/index.php\/wp-json\/wp\/v2\/pages\/457","targetHints":{"allow":["GET"]}}],"collection":[{"href":"https:\/\/www.grawosiedle.polsl.pl\/index.php\/wp-json\/wp\/v2\/pages"}],"about":[{"href":"https:\/\/www.grawosiedle.polsl.pl\/index.php\/wp-json\/wp\/v2\/types\/page"}],"author":[{"embeddable":true,"href":"https:\/\/www.grawosiedle.polsl.pl\/index.php\/wp-json\/wp\/v2\/users\/1"}],"replies":[{"embeddable":true,"href":"https:\/\/www.grawosiedle.polsl.pl\/index.php\/wp-json\/wp\/v2\/comments?post=457"}],"version-history":[{"count":1,"href":"https:\/\/www.grawosiedle.polsl.pl\/index.php\/wp-json\/wp\/v2\/pages\/457\/revisions"}],"predecessor-version":[{"id":458,"href":"https:\/\/www.grawosiedle.polsl.pl\/index.php\/wp-json\/wp\/v2\/pages\/457\/revisions\/458"}],"wp:attachment":[{"href":"https:\/\/www.grawosiedle.polsl.pl\/index.php\/wp-json\/wp\/v2\/media?parent=457"}],"curies":[{"name":"wp","href":"https:\/\/api.w.org\/{rel}","templated":true}]}}