{"id":447,"date":"2023-06-08T23:56:45","date_gmt":"2023-06-08T21:56:45","guid":{"rendered":"https:\/\/www.grawosiedle.polsl.pl\/?page_id=447"},"modified":"2023-06-09T00:08:48","modified_gmt":"2023-06-08T22:08:48","slug":"model-osiedla","status":"publish","type":"page","link":"https:\/\/www.grawosiedle.polsl.pl\/index.php\/model-osiedla\/","title":{"rendered":"PRZYK\u0141ADOWY MODEL OSIEDLA"},"content":{"rendered":"\n<p>Ka\u017cda z kart przedstawia model zagospodarowania terenu o powierzchni oko\u0142o 1ha. Przyj\u0119to, \u017ce zewn\u0119trzne kraw\u0119dzie to tereny komunikacji, podzielone wzd\u0142u\u017c ich \u015brodkowej osi na po\u0142ow\u0119.<\/p>\n\n\n\n<figure class=\"wp-block-image size-full\"><img fetchpriority=\"high\" decoding=\"async\" width=\"523\" height=\"751\" src=\"https:\/\/www.grawosiedle.polsl.pl\/wp-content\/uploads\/2023\/06\/model_osiedla_str47_nowy.jpg\" alt=\"\" class=\"wp-image-448\" srcset=\"https:\/\/www.grawosiedle.polsl.pl\/wp-content\/uploads\/2023\/06\/model_osiedla_str47_nowy.jpg 523w, https:\/\/www.grawosiedle.polsl.pl\/wp-content\/uploads\/2023\/06\/model_osiedla_str47_nowy-209x300.jpg 209w\" sizes=\"(max-width: 523px) 100vw, 523px\" \/><\/figure>\n\n\n\n<p>Dzi\u0119ki temu poszczeg\u00f3lne modele mog\u0105 by\u0107 zestawiane ze sob\u0105, by tworzy\u0142y kwarta\u0142y i ulice mi\u0119dzy nimi. Przyj\u0119to tak\u017ce, \u017ce cz\u0119\u015b\u0107 ka\u017cdego kwarta\u0142u b\u0119dzie przeznaczona na r\u00f3\u017cne formy zabudowy mieszkaniowej i mieszkaniowo-us\u0142ugowej. Pozosta\u0142a powierzchnia b\u0119dzie zagospodarowana indywidualnie przez projektanta odgrywaj\u0105cego swoj\u0105 rol\u0119, kt\u00f3ry mo\u017ce zr\u00f3\u017cnicowa\u0107 spos\u00f3b jej zagospodarowania. Celem powy\u017cszego za\u0142o\u017cenia jest mo\u017cliwo\u015b\u0107 zestawiania modeli w ma\u0142e osiedla wed\u0142ug r\u00f3\u017cnych zasad, wykorzystania do gier, wizualizowania mo\u017cliwo\u015bci i zagro\u017ce\u0144 wynikaj\u0105cych z r\u00f3\u017cnych podej\u015b\u0107. <\/p>\n\n\n\n<p>Kolory kart, kt\u00f3re symbolizuj\u0105 r\u00f3\u017cnych zarz\u0105dc\u00f3w teren\u00f3w odzwierciedlaj\u0105 r\u00f3\u017cne ich cele, a tym samym ilustruj\u0105 sprzeczno\u015b\u0107 wzajemnych interes\u00f3w np. ekologa i dewelopera lub mieszka\u0144-ca i planisty. Kreowanie osiedli polega\u0142o na zaczerpni\u0119ciu inspiracji ze \u015bwiata rzeczywistego. Analiza istniej\u0105cych, realnych przyk\u0142ad\u00f3w pozwoli\u0142a przypisa\u0107 charakterystyczne cechy modelowym osiedlom.<\/p>\n\n\n\n<figure class=\"wp-block-image size-large\"><img decoding=\"async\" width=\"1024\" height=\"576\" src=\"https:\/\/www.grawosiedle.polsl.pl\/wp-content\/uploads\/2023\/06\/osiedle2-1024x576.jpg\" alt=\"\" class=\"wp-image-449\" srcset=\"https:\/\/www.grawosiedle.polsl.pl\/wp-content\/uploads\/2023\/06\/osiedle2-1024x576.jpg 1024w, https:\/\/www.grawosiedle.polsl.pl\/wp-content\/uploads\/2023\/06\/osiedle2-300x169.jpg 300w, https:\/\/www.grawosiedle.polsl.pl\/wp-content\/uploads\/2023\/06\/osiedle2-768x432.jpg 768w, https:\/\/www.grawosiedle.polsl.pl\/wp-content\/uploads\/2023\/06\/osiedle2-1536x864.jpg 1536w, https:\/\/www.grawosiedle.polsl.pl\/wp-content\/uploads\/2023\/06\/osiedle2-2048x1152.jpg 2048w\" sizes=\"(max-width: 767px) 89vw, (max-width: 1000px) 54vw, (max-width: 1071px) 543px, 580px\" \/><\/figure>\n\n\n\n<figure class=\"wp-block-image size-large\"><img decoding=\"async\" width=\"1024\" height=\"576\" src=\"https:\/\/www.grawosiedle.polsl.pl\/wp-content\/uploads\/2023\/06\/osiedle9-1024x576.jpg\" alt=\"\" class=\"wp-image-453\" srcset=\"https:\/\/www.grawosiedle.polsl.pl\/wp-content\/uploads\/2023\/06\/osiedle9-1024x576.jpg 1024w, https:\/\/www.grawosiedle.polsl.pl\/wp-content\/uploads\/2023\/06\/osiedle9-300x169.jpg 300w, https:\/\/www.grawosiedle.polsl.pl\/wp-content\/uploads\/2023\/06\/osiedle9-768x432.jpg 768w, https:\/\/www.grawosiedle.polsl.pl\/wp-content\/uploads\/2023\/06\/osiedle9-1536x864.jpg 1536w, https:\/\/www.grawosiedle.polsl.pl\/wp-content\/uploads\/2023\/06\/osiedle9-2048x1152.jpg 2048w\" sizes=\"(max-width: 767px) 89vw, (max-width: 1000px) 54vw, (max-width: 1071px) 543px, 580px\" \/><\/figure>\n\n\n\n<p>LINK DO MODELU 3D:  <a rel=\"noreferrer noopener\" href=\"https:\/\/skfb.ly\/oHS9U\" target=\"_blank\">https:\/\/skfb.ly\/oHS9U<\/a><\/p>\n","protected":false},"excerpt":{"rendered":"<p>Ka\u017cda z kart przedstawia model zagospodarowania terenu o powierzchni oko\u0142o 1ha. Przyj\u0119to, \u017ce zewn\u0119trzne kraw\u0119dzie to tereny komunikacji, podzielone wzd\u0142u\u017c ich \u015brodkowej osi na po\u0142ow\u0119. Dzi\u0119ki temu poszczeg\u00f3lne modele mog\u0105 by\u0107 zestawiane ze sob\u0105, by tworzy\u0142y kwarta\u0142y i ulice mi\u0119dzy nimi. Przyj\u0119to tak\u017ce, \u017ce cz\u0119\u015b\u0107 ka\u017cdego kwarta\u0142u b\u0119dzie przeznaczona na r\u00f3\u017cne formy zabudowy mieszkaniowej i &hellip; <\/p>\n<p class=\"link-more\"><a href=\"https:\/\/www.grawosiedle.polsl.pl\/index.php\/model-osiedla\/\" class=\"more-link\">Czytaj dalej<span class=\"screen-reader-text\"> \u201ePRZYK\u0141ADOWY MODEL OSIEDLA\u201d<\/span><\/a><\/p>\n","protected":false},"author":1,"featured_media":0,"parent":0,"menu_order":0,"comment_status":"closed","ping_status":"closed","template":"","meta":{"footnotes":""},"class_list":["post-447","page","type-page","status-publish","hentry"],"_links":{"self":[{"href":"https:\/\/www.grawosiedle.polsl.pl\/index.php\/wp-json\/wp\/v2\/pages\/447","targetHints":{"allow":["GET"]}}],"collection":[{"href":"https:\/\/www.grawosiedle.polsl.pl\/index.php\/wp-json\/wp\/v2\/pages"}],"about":[{"href":"https:\/\/www.grawosiedle.polsl.pl\/index.php\/wp-json\/wp\/v2\/types\/page"}],"author":[{"embeddable":true,"href":"https:\/\/www.grawosiedle.polsl.pl\/index.php\/wp-json\/wp\/v2\/users\/1"}],"replies":[{"embeddable":true,"href":"https:\/\/www.grawosiedle.polsl.pl\/index.php\/wp-json\/wp\/v2\/comments?post=447"}],"version-history":[{"count":6,"href":"https:\/\/www.grawosiedle.polsl.pl\/index.php\/wp-json\/wp\/v2\/pages\/447\/revisions"}],"predecessor-version":[{"id":465,"href":"https:\/\/www.grawosiedle.polsl.pl\/index.php\/wp-json\/wp\/v2\/pages\/447\/revisions\/465"}],"wp:attachment":[{"href":"https:\/\/www.grawosiedle.polsl.pl\/index.php\/wp-json\/wp\/v2\/media?parent=447"}],"curies":[{"name":"wp","href":"https:\/\/api.w.org\/{rel}","templated":true}]}}