{"id":400,"date":"2023-06-08T22:59:55","date_gmt":"2023-06-08T20:59:55","guid":{"rendered":"https:\/\/www.grawosiedle.polsl.pl\/?page_id=400"},"modified":"2023-06-08T23:30:34","modified_gmt":"2023-06-08T21:30:34","slug":"zbuduj-eko-osiedle","status":"publish","type":"page","link":"https:\/\/www.grawosiedle.polsl.pl\/index.php\/zbuduj-eko-osiedle\/","title":{"rendered":"ZBUDUJ EKO OSIEDLE"},"content":{"rendered":"\n<p>LICZBA GRACZY:<strong><em> min.4<\/em><\/strong><br>POZIOMTRUDNO\u015aCI: <em><strong>trudny<\/strong><\/em><br>TALIE KART: <strong>2D, 3D<\/strong><\/p>\n\n\n\n<p>Podziel osobno talie 2D i 3D na kolory. Ka\u017cdy zsp\u00f3\u0142 losuje dwa kolory.<\/p>\n\n\n\n<p>Zespo\u0142y tasuj\u0105 losowo talie 3D.<\/p>\n\n\n\n<p>Na has\u0142o START ka\u017cdy z zespo\u0142\u00f3w uk\u0142ada plan osiedla z dw\u00f3ch talii 2D, na planie wykorzystuje kart\u0119 JOKERA oraz maksymalnie 20 kart, d\u0142ugo\u015b\u0107 doj\u015bcia do JOKERA ma by\u0107 najkr\u00f3tsza.<\/p>\n\n\n\n<p>Zesp\u00f3\u0142 kt\u00f3ry pierwszy uko\u0144czy osiedle zatrzymuje czas i wybiera kryterium wska\u017anikowe oceny (np. udzia\u0142 powierzchni biologicznie czynnej, ilo\u015b\u0107 drzew).<\/p>\n\n\n\n<p>Zespo\u0142y licz\u0105 i sprawdzaj\u0105 wzajemnie \u015bredni\u0105 arytmetyczn\u0105 lub sum\u0119 wybranego wska\u017anika.<\/p>\n\n\n\n<p>Wariantowo extreme: odleg\u0142o\u015b\u0107 doj\u015bcia od najdalszego budynku do szko\u0142y i parku lub centrum kultury i sklepu (liczymy odleg\u0142o\u015bci jako<em> a i 0,5a<\/em>) &#8211; wygrywa kr\u00f3tsza odleg\u0142o\u015b\u0107.<\/p>\n\n\n\n<figure class=\"wp-block-image size-large\"><img fetchpriority=\"high\" decoding=\"async\" width=\"1024\" height=\"606\" src=\"https:\/\/www.grawosiedle.polsl.pl\/wp-content\/uploads\/2023\/06\/20230604_Gra-w-osiedle_skompresowany-22-1-1024x606.jpg\" alt=\"\" class=\"wp-image-431\" srcset=\"https:\/\/www.grawosiedle.polsl.pl\/wp-content\/uploads\/2023\/06\/20230604_Gra-w-osiedle_skompresowany-22-1-1024x606.jpg 1024w, https:\/\/www.grawosiedle.polsl.pl\/wp-content\/uploads\/2023\/06\/20230604_Gra-w-osiedle_skompresowany-22-1-300x178.jpg 300w, https:\/\/www.grawosiedle.polsl.pl\/wp-content\/uploads\/2023\/06\/20230604_Gra-w-osiedle_skompresowany-22-1-768x455.jpg 768w, https:\/\/www.grawosiedle.polsl.pl\/wp-content\/uploads\/2023\/06\/20230604_Gra-w-osiedle_skompresowany-22-1-1536x910.jpg 1536w, https:\/\/www.grawosiedle.polsl.pl\/wp-content\/uploads\/2023\/06\/20230604_Gra-w-osiedle_skompresowany-22-1-2048x1213.jpg 2048w\" sizes=\"(max-width: 767px) 89vw, (max-width: 1000px) 54vw, (max-width: 1071px) 543px, 580px\" \/><\/figure>\n","protected":false},"excerpt":{"rendered":"<p>LICZBA GRACZY: min.4POZIOMTRUDNO\u015aCI: trudnyTALIE KART: 2D, 3D Podziel osobno talie 2D i 3D na kolory. Ka\u017cdy zsp\u00f3\u0142 losuje dwa kolory. Zespo\u0142y tasuj\u0105 losowo talie 3D. Na has\u0142o START ka\u017cdy z zespo\u0142\u00f3w uk\u0142ada plan osiedla z dw\u00f3ch talii 2D, na planie wykorzystuje kart\u0119 JOKERA oraz maksymalnie 20 kart, d\u0142ugo\u015b\u0107 doj\u015bcia do JOKERA ma by\u0107 najkr\u00f3tsza. Zesp\u00f3\u0142 &hellip; <\/p>\n<p class=\"link-more\"><a href=\"https:\/\/www.grawosiedle.polsl.pl\/index.php\/zbuduj-eko-osiedle\/\" class=\"more-link\">Czytaj dalej<span class=\"screen-reader-text\"> \u201eZBUDUJ EKO OSIEDLE\u201d<\/span><\/a><\/p>\n","protected":false},"author":1,"featured_media":0,"parent":0,"menu_order":0,"comment_status":"closed","ping_status":"closed","template":"","meta":{"footnotes":""},"class_list":["post-400","page","type-page","status-publish","hentry"],"_links":{"self":[{"href":"https:\/\/www.grawosiedle.polsl.pl\/index.php\/wp-json\/wp\/v2\/pages\/400","targetHints":{"allow":["GET"]}}],"collection":[{"href":"https:\/\/www.grawosiedle.polsl.pl\/index.php\/wp-json\/wp\/v2\/pages"}],"about":[{"href":"https:\/\/www.grawosiedle.polsl.pl\/index.php\/wp-json\/wp\/v2\/types\/page"}],"author":[{"embeddable":true,"href":"https:\/\/www.grawosiedle.polsl.pl\/index.php\/wp-json\/wp\/v2\/users\/1"}],"replies":[{"embeddable":true,"href":"https:\/\/www.grawosiedle.polsl.pl\/index.php\/wp-json\/wp\/v2\/comments?post=400"}],"version-history":[{"count":4,"href":"https:\/\/www.grawosiedle.polsl.pl\/index.php\/wp-json\/wp\/v2\/pages\/400\/revisions"}],"predecessor-version":[{"id":432,"href":"https:\/\/www.grawosiedle.polsl.pl\/index.php\/wp-json\/wp\/v2\/pages\/400\/revisions\/432"}],"wp:attachment":[{"href":"https:\/\/www.grawosiedle.polsl.pl\/index.php\/wp-json\/wp\/v2\/media?parent=400"}],"curies":[{"name":"wp","href":"https:\/\/api.w.org\/{rel}","templated":true}]}}