{"id":39,"date":"2023-01-04T21:13:12","date_gmt":"2023-01-04T20:13:12","guid":{"rendered":"https:\/\/www.grawosiedle.polsl.pl\/?page_id=39"},"modified":"2024-05-08T19:11:26","modified_gmt":"2024-05-08T17:11:26","slug":"opinie","status":"publish","type":"page","link":"https:\/\/www.grawosiedle.polsl.pl\/index.php\/opinie\/","title":{"rendered":"OPINIE i REKOMENDACJE"},"content":{"rendered":"\n<p>Gra w osiedle uzyska\u0142a rekomendacje:<\/p>\n\n\n\n<figure class=\"wp-block-image size-full is-resized\"><img fetchpriority=\"high\" decoding=\"async\" width=\"520\" height=\"278\" src=\"https:\/\/www.grawosiedle.polsl.pl\/wp-content\/uploads\/2024\/05\/logo-2.png\" alt=\"\" class=\"wp-image-1645\" style=\"width:232px;height:auto\" srcset=\"https:\/\/www.grawosiedle.polsl.pl\/wp-content\/uploads\/2024\/05\/logo-2.png 520w, https:\/\/www.grawosiedle.polsl.pl\/wp-content\/uploads\/2024\/05\/logo-2-300x160.png 300w\" sizes=\"(max-width: 520px) 100vw, 520px\" \/><\/figure>\n\n\n\n<p>Izba Architekt\u00f3w Rzeczypospolitej Polskiej &#8211; patronat honorowy<\/p>\n\n\n\n<figure class=\"wp-block-image size-large is-resized\"><img decoding=\"async\" width=\"1024\" height=\"420\" src=\"https:\/\/www.grawosiedle.polsl.pl\/wp-content\/uploads\/2023\/06\/SARP-o.-Katowice-1024x420.jpg\" alt=\"\" class=\"wp-image-510\" style=\"width:208px;height:85px\" srcset=\"https:\/\/www.grawosiedle.polsl.pl\/wp-content\/uploads\/2023\/06\/SARP-o.-Katowice-1024x420.jpg 1024w, https:\/\/www.grawosiedle.polsl.pl\/wp-content\/uploads\/2023\/06\/SARP-o.-Katowice-300x123.jpg 300w, https:\/\/www.grawosiedle.polsl.pl\/wp-content\/uploads\/2023\/06\/SARP-o.-Katowice-768x315.jpg 768w, https:\/\/www.grawosiedle.polsl.pl\/wp-content\/uploads\/2023\/06\/SARP-o.-Katowice-1536x630.jpg 1536w, https:\/\/www.grawosiedle.polsl.pl\/wp-content\/uploads\/2023\/06\/SARP-o.-Katowice-2048x840.jpg 2048w\" sizes=\"(max-width: 767px) 89vw, (max-width: 1000px) 54vw, (max-width: 1071px) 543px, 580px\" \/><\/figure>\n\n\n\n<p>SARP oddzia\u0142 Katowice &#8211; Stowarzyszenie Architekt\u00f3w Polski oddzia\u0142 Katowice &#8211; patronat honorowy<\/p>\n\n\n\n<figure class=\"wp-block-image size-large is-resized\"><img decoding=\"async\" src=\"https:\/\/upload.wikimedia.org\/wikipedia\/commons\/4\/4b\/PanLogo.jpg\" alt=\"\" style=\"width:162px;height:138px\"\/><\/figure>\n\n\n\n<p>KOMISJA ARCHITEKTURY I URBANISTYKI POLSKIEJ AKADEMII NAUK ODDZIA\u0141 W KATOWICACH  &#8211; rekomendacja dla gry naukowo-dydaktycznej<\/p>\n\n\n\n<figure class=\"wp-block-image size-large is-resized\"><img decoding=\"async\" width=\"1024\" height=\"857\" src=\"https:\/\/www.grawosiedle.polsl.pl\/wp-content\/uploads\/2023\/06\/logo-1024x857.png\" alt=\"\" class=\"wp-image-523\" style=\"width:145px;height:121px\" srcset=\"https:\/\/www.grawosiedle.polsl.pl\/wp-content\/uploads\/2023\/06\/logo-1024x857.png 1024w, https:\/\/www.grawosiedle.polsl.pl\/wp-content\/uploads\/2023\/06\/logo-300x251.png 300w, https:\/\/www.grawosiedle.polsl.pl\/wp-content\/uploads\/2023\/06\/logo-768x643.png 768w, https:\/\/www.grawosiedle.polsl.pl\/wp-content\/uploads\/2023\/06\/logo-1536x1286.png 1536w, https:\/\/www.grawosiedle.polsl.pl\/wp-content\/uploads\/2023\/06\/logo-2048x1715.png 2048w\" sizes=\"(max-width: 767px) 89vw, (max-width: 1000px) 54vw, (max-width: 1071px) 543px, 580px\" \/><\/figure>\n\n\n\n<p><br>Towarzystwo Urbanist\u00f3w Polskich oddzia\u0142 \u015al\u0105ski &#8211; rekomendacja dla gry naukowo-dydaktycznej<\/p>\n\n\n\n<figure class=\"wp-block-image size-large is-resized\"><img loading=\"lazy\" decoding=\"async\" width=\"1024\" height=\"348\" src=\"https:\/\/www.grawosiedle.polsl.pl\/wp-content\/uploads\/2024\/05\/xPLGBC-logo_H554.png.pagespeed.ic_.h5yN_oCQnK-1024x348.webp\" alt=\"\" class=\"wp-image-1648\" style=\"width:257px;height:auto\" srcset=\"https:\/\/www.grawosiedle.polsl.pl\/wp-content\/uploads\/2024\/05\/xPLGBC-logo_H554.png.pagespeed.ic_.h5yN_oCQnK-1024x348.webp 1024w, https:\/\/www.grawosiedle.polsl.pl\/wp-content\/uploads\/2024\/05\/xPLGBC-logo_H554.png.pagespeed.ic_.h5yN_oCQnK-300x102.webp 300w, https:\/\/www.grawosiedle.polsl.pl\/wp-content\/uploads\/2024\/05\/xPLGBC-logo_H554.png.pagespeed.ic_.h5yN_oCQnK-768x261.webp 768w, https:\/\/www.grawosiedle.polsl.pl\/wp-content\/uploads\/2024\/05\/xPLGBC-logo_H554.png.pagespeed.ic_.h5yN_oCQnK-1536x522.webp 1536w, https:\/\/www.grawosiedle.polsl.pl\/wp-content\/uploads\/2024\/05\/xPLGBC-logo_H554.png.pagespeed.ic_.h5yN_oCQnK.webp 1630w\" sizes=\"(max-width: 767px) 89vw, (max-width: 1000px) 54vw, (max-width: 1071px) 543px, 580px\" \/><\/figure>\n\n\n\n<p>Polskie Stowarzyszenie Budownictwa Ekologicznego \u2013 PLGBC<\/p>\n\n\n\n<p>_______________________________________________________________<\/p>\n\n\n\n<p><strong>O naszej grze wypowiedzieli si\u0119:<\/strong><\/p>\n\n\n\n<p><em>Gra w Osiedle ma na celu zwr\u00f3cenie uwagi na problematyk\u0119 intensyfikowania zabudowy mieszkaniowej oraz kszta\u0142towania przestrzeni osiedli. W tym celu wykorzystuje si\u0119 podej\u015bcie teoretyczne, kt\u00f3re czerpie z dzia\u0142a\u0144 dydaktycznych i popularyzatorskich.<\/em><\/p>\n\n\n\n<p><em>Gra daje mo\u017cliwo\u015b\u0107 zestawienia modeli, tworzenia z nich ro\u017cnego rodzaju osiedli przysz\u0142o\u015bci, wizualizowania ich za pomoc\u0105 jednego klikni\u0119cia na w\u0142asnym telefonie i znajdowania mo\u017cliwo\u015bci jak i zagro\u017ce\u0144 z naszego stworzonego uk\u0142adu. Celem gry jest zbudowanie miniosiedla o jak najlepszych parametrach. Ponadto, karty mo\u017cna wykorzysta\u0107 do dowolnej gry karcianej jak makao, poker, wojna!<\/em><\/p>\n\n\n\n<p><strong>APA Wojciechowski Architekci<\/strong><\/p>\n\n\n\n<p>_______________________________________________________________<\/p>\n\n\n\n<p><em>&#8222;Gra w Osiedle&#8217; stworzona przez zesp\u00f3\u0142 prowadzony przez dr hab. in\u017c. arch. Tomasza Bradeckiego jest doskona\u0142ym i ciekawym, narz\u0119dziem. kt\u00f3re nie tylko oswaja zagadnienia z architektur\u0105, urbanistyk\u0105 i wspieraniem bior\u00f3\u017cnorodno\u015bci lecz z powodzeniem inicjuje rozmow\u0119 o roli zr\u00f3wnowa\u017conego budownictwa, nie tylko na obszarach miejskich. Wysoka jako\u015b\u0107 tkanki miejskiej, tworzonej w oparciu o poszanowanie \u015brodowiska i wspieraj\u0105ca dobrobyt ludzi jest kluczem do tworzenia aktywnych i pr\u0119\u017cnie dzia\u0142aj\u0105cych spo\u0142eczno\u015bci lokalnych &#8211; a to ludzie w architekturze przecie\u017c s\u0105 najwa\u017cniejsi.<\/em><\/p>\n\n\n\n<p><strong>Magdalena Wojtas<\/strong><br>Sustainable Development Menager<\/p>\n\n\n\n<p>_______________________________________________________________<\/p>\n\n\n\n<p><em>Gra w karty kojarzy\u0107 si\u0119 mo\u017ce pozornie z hazardem. Jest czasem zabaw\u0105. Ale nie zawsze tak musi by\u0107. Gra w karty mo\u017ce uczy\u0107<\/em>. <em>Gry w Osiedle mog\u0105 edukowa\u0107 nie tylko student\u00f3w, ale by\u0107 przydatne r\u00f3wnie\u017c dla deweloper\u00f3w. Mog\u0105 pom\u00f3c w rozpoznawaniu dobrych kryteri\u00f3w i ocenie dobrej przestrzeni mieszkalne<\/em>j. <br><em>Warto mie\u0107 w r\u0119ce mocne karty. W tym przypadku mocne argumenty. To argumenty decyduj\u0105 o jako\u015bci architektury i potrafi\u0105 zbudowa\u0107 dobr\u0105 lub z\u0142\u0105 przestrze\u0144<\/em>. <br><strong><br>Przemo \u0141ukasik<\/strong><br>Architekt, wsp\u00f3\u0142za\u0142o\u017cyciel pracowni Medusa Group<\/p>\n\n\n\n<p>_______________________________________________________________<\/p>\n\n\n\n<p><em>Po zapoznaniu si\u0119 z &#8222;Gr\u0105 w osiedle&#8221; uwa\u017cam, \u017ce jest to brakuj\u0105cy element w systemie edukacji m\u0142odych architekt\u00f3w. Zwraca bowiem uwag\u0119, \u017ce aspekty przestrzenne, estetyczne i czysto architektoniczne, mimo, \u017ce wa\u017cne, nie s\u0105 jedynymi czynnikami przy kszta\u0142towaniu naszych miast i osiedli. Architekt za\u015b nie jest demiurgiem decyduj\u0105cym o wszystkim, ale musi bra\u0107 pod uwag\u0119 innych uczestnik\u00f3w gry: w\u0142adz\u0119, dewelopera, inwestora, planist\u0119 czy wreszcie u\u017cytkownika. Du\u017cy potencja\u0142!<\/em><\/p>\n\n\n\n<p><strong>Szymon Wojciechowski<\/strong><br>APA Wojciechowski Architekci, Prezes Zarz\u0105du, Wsp\u00f3\u0142w\u0142a\u015bciciel, Architekt &#8211; Partner<\/p>\n\n\n\n<p>_______________________________________________________________<\/p>\n\n\n\n<p><em>Gra w osiedle&nbsp;to wspania\u0142y pomys\u0142, kt\u00f3ry s\u0142u\u017cy\u0107 mo\u017ce nie tylko zabawie ale i edukacji architektonicznej. Od lat zastanawiam si\u0119 co robi\u0107, by zwi\u0119ksza\u0107 \u015bwiadomo\u015b\u0107 wszystkich uczestnik\u00f3w proces\u00f3w planistycznych i inwestycyjnych. Ta gra jest odpowiedzi\u0105 &#8211;&nbsp;naprawd\u0119&nbsp;mo\u017ce przynie\u015b\u0107 wymierne efekty: edukowa\u0107 m\u0142odszych i starszych&nbsp;oraz wspiera\u0107 procesy kszta\u0142cenia student\u00f3w na r\u00f3\u017cnych kierunkach powi\u0105zanych z architektur\u0105, urbanistyk\u0105 i gospodark\u0105 przestrzenn\u0105. Pokazanie wielu z\u0142o\u017conych zale\u017cno\u015bci mi\u0119dzy r\u00f3\u017cnymi decyzjami planistycznymi i aktorami na scenie miejskiej&nbsp;w tak efektowny, a jednocze\u015bnie przyst\u0119pny spos\u00f3b, jest godne podziwu.<\/em><\/p>\n\n\n\n<p><strong>prof.&nbsp;dr hab. in\u017c. arch. Krystyna Solarek <\/strong><br>Prodziekan ds Nauki i Rozwoju, Wydzia\u0142 Architektury PW, Przewodnicz\u0105ca Rady Naukowej Dyscypliny Architektura i Urbanistyka Politechniki Warszawskiej, Kierownik Katedry Urbanistyki i Gospodarki Przestrzennej<\/p>\n\n\n\n<p>_______________________________________________________________<\/p>\n\n\n\n<p><\/p>\n\n\n\n<p><em>Bardzo doceniam pomys\u0142 &#8222;Gry w osiedle&#8221;. Ma ona du\u017c\u0105 szans\u0119 sta\u0107 si\u0119 zar\u00f3wno dobr\u0105 rozrywk\u0105, jak i \u015bwietnym narz\u0119dziem edukacji architektonicznej i urbanistycznej obejmuj\u0105cej nie tylko przysz\u0142ych projektant\u00f3w &#8211; profesjonalist\u00f3w, ale r\u00f3wnie\u017c inwestor\u00f3w, urz\u0119dnik\u00f3w, polityk\u00f3w i wszystkich u\u017cytkownik\u00f3w zaprojektowanych przestrzeni mieszkaniowych.<\/em><\/p>\n\n\n\n<p><strong>Oskar Gr\u0105bczewski<\/strong> <br>OVO Gr\u0105bczewscy Architekci<\/p>\n\n\n\n<p>_______________________________________________________________<\/p>\n\n\n\n<p><em>Wska\u017aniki urbanistyczne to dla wi\u0119kszo\u015bci os\u00f3b abstrakcyjne warto\u015bci. Dzi\u0119ki kartom GRA W OSIEDLE, w tym po\u0142\u0105czeniu zapisu matematycznego z tr\u00f3jwymiarow\u0105 wizualizacj\u0105 bry\u0142 jest szansa, by cho\u0107 troch\u0119 przybli\u017cy\u0107 szerszemu gronu odbiorc\u00f3w, warto\u015bci liczbowe zawarte we wska\u017anikach urbanistycznych. Za to edukacyjne i popularyzatorskie dzia\u0142anie, dzi\u0119kuj\u0119 tw\u00f3rcom gry.<\/em><\/p>\n\n\n\n<p><strong>dr hab. in\u017c arch. Justyna Martyniuk-P\u0119czek, prof. PG<\/strong><br>Politechnika Gda\u0144ska, Wydzia\u0142 Architektury, Katedra Urbanistyki i Planowania Regionalnego<\/p>\n\n\n\n<p>______________________________________________________________<\/p>\n\n\n\n<p><em>Pomys\u0142 promowania wiedzy o mie\u015bcie i jego logice przysz\u0142ej transformacji poprzez gr\u0119 (w karty) jest z pewno\u015bci\u0105 oryginalny i dlatego interesuj\u0105cy. Nauka poprzez zabaw\u0119 lub zabawa podczas nauki to metoda, kt\u00f3ra pozwala r\u00f3wnie\u017c osobom nieb\u0119d\u0105cym ekspertami podej\u015b\u0107 do planowania urbanistycznego i wyobrazi\u0107 sobie lepsze miasto.<\/em><\/p>\n\n\n\n<p><strong>Prof. Arch. Enrico Prandi, PhD<\/strong><br>Associate Professor in Architectural and Urban Design<br>Department of Engineering and Architecture, University of Parma, Italy<br>Director of FAM.<\/p>\n\n\n\n<p>_______________________________________________________________<\/p>\n\n\n\n<p><em>\u017beby zmieni\u0107 jako\u015b\u0107 naszego \u015brodowiska mieszkaniowego potrzebujemy obywateli i obywatelek, kt\u00f3rzy rozumiej\u0105 przestrze\u0144!<br>A czy jest lepszy spos\u00f3b na edukacj\u0119 ni\u017c zabawa? Gra w osiedle spe\u0142ni si\u0119 doskonale jako pomoc w budowaniu \u015bwiadomo\u015bci przestrzennej m\u0142odzie\u017cy, ale tak\u017ce przy profesjonalnych rozmowach w multidyscyplinarnych gremiach, gdy trzeba szybko wyja\u015bni\u0107 znaczenie wska\u017anik\u00f3w urbanistycznych.<\/em><\/p>\n\n\n\n<p><strong>dr hab. in\u017c. arch. Agata Twardoch prof. P\u015a<\/strong><\/p>\n\n\n\n<p>_______________________________________________________________<\/p>\n\n\n\n<p><em>Johan Huizinga przypomina nam, \u017ce ludzko\u015b\u0107 zawsze jest Homo Ludens i jako taka, od dzieci\u0144stwa, uczy si\u0119 poprzez zabaw\u0119.<br>Przekszta\u0142cenie tego pierwotnego instynktu w gr\u0119 maj\u0105c\u0105 na celu edukacj\u0119 student\u00f3w architektury i urbanistyki w celu zapoznania ich z poj\u0119ciami zwi\u0105zanymi ze sposobem, w jaki ludzie zasiedlaj\u0105 terytorium, jest genialnym pomys\u0142em.<br>Aby uczyni\u0107 przekazywanie takich poj\u0119\u0107 jak g\u0119sto\u015b\u0107 zabudowy, wska\u017anik zaj\u0119cia terenu, typy osadnictwa jeszcze bardziej skutecznym, sugeruje si\u0119 dostosowanie i wykorzystanie kart do gry planszowej, takiej jak Monopoly.<\/em> <br><br><strong>Prof. Arch. Lamberto Amistadi<\/strong><br>Associate Professor in architectural and urban Design<br>Department of Architecture ALMA MATER STUDIORUM University of Bologna<\/p>\n\n\n\n<p>_______________________________________________________________<\/p>\n\n\n\n<p><em>Jako nauczyciel urbanistyki dostrzegam w tej grze &#8211; GRA W OSIEDLE &#8211; ogromny potencja\u0142 do wyja\u015bniania i nauczania poj\u0119\u0107 zwi\u0105zanych z problematyk\u0105 miejsk\u0105, kt\u00f3re zawsze s\u0105 trudne do zrozumienia dla student\u00f3w. Gra w pe\u0142ni spe\u0142nia cele zaproponowane przy jej tworzeniu.<\/em><br><br><strong>Maria Manuela da Fonte, Arch, PHD<\/strong> <br>Lisbon School of Architecture of Universidade de Lisboa | Maria Manuela da Fonte Arquitecta \/ Professora Auxiliar \/ Asystent profesora | Dyrektor Wydzia\u0142u Projekt\u00f3w Urbanistycznych | Faculdade de Arquitetura\/Lisbon School of Architecture, Universidade de Lisboa | Investigadora \/ Researcher URBinLAB | CIAUD<\/p>\n\n\n\n<p><\/p>\n\n\n\n<p>_______________________________________________________________<\/p>\n\n\n\n<p><em>Gra w osiedle jest interesuj\u0105cym i u\u017cytecznym narz\u0119dziem, kt\u00f3re pomaga ludziom o r\u00f3\u017cnych zawodach i aspiracjach, kt\u00f3rzy poprzez zabaw\u0119 rozumiej\u0105 wa\u017cne procesy i elementy miejskie oraz lepiej rozumiej\u0105 warto\u015bci przestrzeni miejskich.<\/em><br><br><strong>Prof. Dr Darko Reba<\/strong><br>Department of Architecture and Urban Planning, Faculty of Technical Sciences in Novi Sad, University of Novi Sad.<\/p>\n\n\n\n<p>_______________________________________________________________<\/p>\n\n\n\n<p><em>Inkluzywny urbanizm musi by\u0107 wspierany poprzez anga\u017cowanie u\u017cytkownik\u00f3w ko\u0144cowych w proces projektowania, a aby to zrobi\u0107, narz\u0119dzia takiego zaanga\u017cowania musz\u0105 mie\u0107 mo\u017cliwo\u015b\u0107 nawi\u0105zania dialogu negocjacyjnego mi\u0119dzy zainteresowanymi stronami. Projekt Gra w osiedle jest jednym z nielicznych, kt\u00f3ry analizuje mo\u017cliwo\u015bci wykorzystania zaawansowanych narz\u0119dzi wizualizacji 3D do aktywnego zaanga\u017cowania interesariuszy w proces projektowania. Opracowany hybrydowy tryb strategii zaanga\u017cowania i aplikacji zapewni przynale\u017cno\u015b\u0107 uczestnik\u00f3w do ich przysz\u0142ych dzielnic mieszkaniowych. Chc\u0119 zbada\u0107 mo\u017cliwo\u015bci tego narz\u0119dzia w rzeczywistych scenariuszach w USA.<\/em><br><br><strong>Dr Shuva Chowdhury<\/strong><br>Assistant Professor | Civil, Architectural, and Environ. Eng | North Carolina A &amp; T State University | USA<br>Ph.D. (VUW Aotearoa New Zealand)<\/p>\n\n\n\n<p>_______________________________________________________________<\/p>\n\n\n\n<p><em>Podczas edukacji na Wydziale Urbanistyki i Projektowania BME w Budapeszcie eksperymentowali\u015bmy z r\u00f3\u017cnymi narz\u0119dziami grywalizacji w nauczaniu projektowania urbanistycznego. Wypr\u00f3bowali\u015bmy r\u00f3wnie\u017c niekt\u00f3re z miejskich gier karcianych i na podstawie tych eksperyment\u00f3w projekt GRA W OSIEDLE\/ HOUSING ESTATE GAME, oceniam jako obiecuj\u0105cy, kt\u00f3ry bardzo mnie zainteresowa\u0142. Jak tylko zostanie opublikowany, chcia\u0142bym go mie\u0107 dla naszego wydzia\u0142u!<\/em><\/p>\n\n\n\n<p><strong>Assoc. Prof. SZAB\u00d3 \u00c1rp\u00e1d DLA<\/strong><br>BME Budapest University of Technology\/ Urbanisztika Tansz\u00e9k \/ Wydzia\u0142 Urbanistyki i Projektowania<br>tansz\u00e9kvezet\u0151 \/ kierownik wydzia\u0142u<br>egyetemi docens \/ profesor nadzwyczajny<br>\u00e9p\u00edt\u00e9sz, vezet\u0151 tervez\u0151 \/ architekt<\/p>\n\n\n\n<p>_______________________________________________________________<\/p>\n\n\n\n<p><em>Ta ksi\u0105\u017cka i aplikacja \u0142\u0105czy z powodzeniem, projektowanie, planowanie, nauczanie i badania, poprzez wykorzystanie tradycyjnych technologii gier, mieszanych z wirtualnymi \u015bwiatami, w celu wizualizacji w 3D przysz\u0142ej formy zr\u00f3wnowa\u017conego miasta.<\/em><\/p>\n\n\n\n<p><strong>Assoc. Prof. Alessandro Camiz PhD<\/strong><br>Dyrektor, Laboratorium Dynamicznych Bada\u0144 nad Morfologi\u0105 Miejsk\u0105-DRUM<br>Uniwersytet \u00d6zye\u011fin, Wydzia\u0142 Architektury i Projektowania<br>_______________________________________________________________<br><\/p>\n\n\n\n<p><em>Gra w osiedle jest jedn\u0105 z nielicznych propozycji, kt\u00f3ra dzi\u0119ki atrakcyjnej formie opieraj\u0105cej si\u0119 na rzeczywisto\u015bci rozszerzonej (Augmented Reality) mo\u017ce konkurowa\u0107 z produktami dynamicznie rozwijaj\u0105cego si\u0119 rynku gier, r\u00f3wnocze\u015bnie wprowadzaj\u0105c tre\u015bci istotne dla edukacji przestrzennej.<\/em><\/p>\n\n\n\n<p><strong>dr hab. in\u017c. arch. Patrycja&nbsp;Haupt, prof. PK<\/strong><br>Katedra Kszta\u0142towania \u015arodowiska Mieszkaniowego<br>Wydzia\u0142 Architektury Politechniki Krakowskiej<\/p>\n","protected":false},"excerpt":{"rendered":"<p>Gra w osiedle uzyska\u0142a rekomendacje: Izba Architekt\u00f3w Rzeczypospolitej Polskiej &#8211; patronat honorowy SARP oddzia\u0142 Katowice &#8211; Stowarzyszenie Architekt\u00f3w Polski oddzia\u0142 Katowice &#8211; patronat honorowy KOMISJA ARCHITEKTURY I URBANISTYKI POLSKIEJ AKADEMII NAUK ODDZIA\u0141 W KATOWICACH &#8211; rekomendacja dla gry naukowo-dydaktycznej Towarzystwo Urbanist\u00f3w Polskich oddzia\u0142 \u015al\u0105ski &#8211; rekomendacja dla gry naukowo-dydaktycznej Polskie Stowarzyszenie Budownictwa Ekologicznego \u2013 PLGBC &hellip; <\/p>\n<p class=\"link-more\"><a href=\"https:\/\/www.grawosiedle.polsl.pl\/index.php\/opinie\/\" class=\"more-link\">Czytaj dalej<span class=\"screen-reader-text\"> \u201eOPINIE i REKOMENDACJE\u201d<\/span><\/a><\/p>\n","protected":false},"author":1,"featured_media":0,"parent":0,"menu_order":0,"comment_status":"closed","ping_status":"closed","template":"","meta":{"footnotes":""},"class_list":["post-39","page","type-page","status-publish","hentry"],"_links":{"self":[{"href":"https:\/\/www.grawosiedle.polsl.pl\/index.php\/wp-json\/wp\/v2\/pages\/39","targetHints":{"allow":["GET"]}}],"collection":[{"href":"https:\/\/www.grawosiedle.polsl.pl\/index.php\/wp-json\/wp\/v2\/pages"}],"about":[{"href":"https:\/\/www.grawosiedle.polsl.pl\/index.php\/wp-json\/wp\/v2\/types\/page"}],"author":[{"embeddable":true,"href":"https:\/\/www.grawosiedle.polsl.pl\/index.php\/wp-json\/wp\/v2\/users\/1"}],"replies":[{"embeddable":true,"href":"https:\/\/www.grawosiedle.polsl.pl\/index.php\/wp-json\/wp\/v2\/comments?post=39"}],"version-history":[{"count":42,"href":"https:\/\/www.grawosiedle.polsl.pl\/index.php\/wp-json\/wp\/v2\/pages\/39\/revisions"}],"predecessor-version":[{"id":1649,"href":"https:\/\/www.grawosiedle.polsl.pl\/index.php\/wp-json\/wp\/v2\/pages\/39\/revisions\/1649"}],"wp:attachment":[{"href":"https:\/\/www.grawosiedle.polsl.pl\/index.php\/wp-json\/wp\/v2\/media?parent=39"}],"curies":[{"name":"wp","href":"https:\/\/api.w.org\/{rel}","templated":true}]}}