{"id":383,"date":"2023-06-08T22:40:38","date_gmt":"2023-06-08T20:40:38","guid":{"rendered":"https:\/\/www.grawosiedle.polsl.pl\/?page_id=383"},"modified":"2023-07-06T15:50:53","modified_gmt":"2023-07-06T13:50:53","slug":"gra-w-osiedle","status":"publish","type":"page","link":"https:\/\/www.grawosiedle.polsl.pl\/index.php\/gra-w-osiedle\/","title":{"rendered":"GRA W OSIEDLE"},"content":{"rendered":"\n<p>LICZBA GRACZY: <strong><em>2-4<\/em><\/strong><br>POZIOMTRUDNO\u015aCI: <em><strong>\u0142atwy<\/strong><\/em><br>TALIE KART: <strong>2D, 3D<\/strong><\/p>\n\n\n\n<p>W grze dla 2 graczy \u2013 gracze rzucaj\u0105<br>dwiema kostkami.<\/p>\n\n\n\n<p>W grze dla 3 lub 4 graczy \u2013 ka\u017cdy z graczy rzuca jedn\u0105 kostk\u0105.<\/p>\n\n\n\n<p>Suma wylosowanych oczek oznacza liczb\u0119 kart, z kt\u00f3rych ka\u017cdy z graczy uk\u0142ada osiedle.<\/p>\n\n\n\n<p>Gracze rozdzielaj\u0105 karty z talii 2D pomi\u0119dzy siebie (z wy\u0142\u0105czeniem superjoker\u00f3w). Gracze rozdzielaj\u0105 superjokery (karty niewymiarowe) po r\u00f3wno pomi\u0119dzy liczb\u0119 graczy.<\/p>\n\n\n\n<p>Na has\u0142o start zespo\u0142y uk\u0142adaj\u0105 z kart 2D plan osiedla z kart w liczbie jak ustalono,a nast\u0119pnie wyszukuj\u0105 analogiczne karty z talii 3D.<\/p>\n\n\n\n<p>Zespo\u0142y sumuj\u0105 liczb\u0119 punkt\u00f3w za karty. Po zsumowaniu liczby punkt\u00f3w ka\u017cdy z graczy mo\u017ce zamieni\u0107 super jokery na karty o najmniejszej ilo\u015bci punkt\u00f3w.<\/p>\n\n\n\n<p>Pierwszy z graczy, kt\u00f3ry uko\u0144czy zadanie m\u00f3wi STOP.<\/p>\n\n\n\n<p><strong>Wygrywa gracz z najwi\u0119ksz\u0105 sum\u0105 punkt\u00f3w.<\/strong><\/p>\n\n\n\n<figure class=\"wp-block-image size-large\"><img fetchpriority=\"high\" decoding=\"async\" width=\"1024\" height=\"654\" src=\"https:\/\/www.grawosiedle.polsl.pl\/wp-content\/uploads\/2023\/07\/Gra-w-osiedle_rozkladowka_skompresowany-17-1024x654.jpg\" alt=\"\" class=\"wp-image-604\" srcset=\"https:\/\/www.grawosiedle.polsl.pl\/wp-content\/uploads\/2023\/07\/Gra-w-osiedle_rozkladowka_skompresowany-17-1024x654.jpg 1024w, https:\/\/www.grawosiedle.polsl.pl\/wp-content\/uploads\/2023\/07\/Gra-w-osiedle_rozkladowka_skompresowany-17-300x192.jpg 300w, https:\/\/www.grawosiedle.polsl.pl\/wp-content\/uploads\/2023\/07\/Gra-w-osiedle_rozkladowka_skompresowany-17-768x491.jpg 768w, https:\/\/www.grawosiedle.polsl.pl\/wp-content\/uploads\/2023\/07\/Gra-w-osiedle_rozkladowka_skompresowany-17-1536x981.jpg 1536w, https:\/\/www.grawosiedle.polsl.pl\/wp-content\/uploads\/2023\/07\/Gra-w-osiedle_rozkladowka_skompresowany-17-2048x1309.jpg 2048w\" sizes=\"(max-width: 767px) 89vw, (max-width: 1000px) 54vw, (max-width: 1071px) 543px, 580px\" \/><\/figure>\n","protected":false},"excerpt":{"rendered":"<p>LICZBA GRACZY: 2-4POZIOMTRUDNO\u015aCI: \u0142atwyTALIE KART: 2D, 3D W grze dla 2 graczy \u2013 gracze rzucaj\u0105dwiema kostkami. W grze dla 3 lub 4 graczy \u2013 ka\u017cdy z graczy rzuca jedn\u0105 kostk\u0105. Suma wylosowanych oczek oznacza liczb\u0119 kart, z kt\u00f3rych ka\u017cdy z graczy uk\u0142ada osiedle. Gracze rozdzielaj\u0105 karty z talii 2D pomi\u0119dzy siebie (z wy\u0142\u0105czeniem superjoker\u00f3w). Gracze &hellip; <\/p>\n<p class=\"link-more\"><a href=\"https:\/\/www.grawosiedle.polsl.pl\/index.php\/gra-w-osiedle\/\" class=\"more-link\">Czytaj dalej<span class=\"screen-reader-text\"> \u201eGRA W OSIEDLE\u201d<\/span><\/a><\/p>\n","protected":false},"author":1,"featured_media":0,"parent":0,"menu_order":0,"comment_status":"closed","ping_status":"closed","template":"","meta":{"footnotes":""},"class_list":["post-383","page","type-page","status-publish","hentry"],"_links":{"self":[{"href":"https:\/\/www.grawosiedle.polsl.pl\/index.php\/wp-json\/wp\/v2\/pages\/383","targetHints":{"allow":["GET"]}}],"collection":[{"href":"https:\/\/www.grawosiedle.polsl.pl\/index.php\/wp-json\/wp\/v2\/pages"}],"about":[{"href":"https:\/\/www.grawosiedle.polsl.pl\/index.php\/wp-json\/wp\/v2\/types\/page"}],"author":[{"embeddable":true,"href":"https:\/\/www.grawosiedle.polsl.pl\/index.php\/wp-json\/wp\/v2\/users\/1"}],"replies":[{"embeddable":true,"href":"https:\/\/www.grawosiedle.polsl.pl\/index.php\/wp-json\/wp\/v2\/comments?post=383"}],"version-history":[{"count":8,"href":"https:\/\/www.grawosiedle.polsl.pl\/index.php\/wp-json\/wp\/v2\/pages\/383\/revisions"}],"predecessor-version":[{"id":607,"href":"https:\/\/www.grawosiedle.polsl.pl\/index.php\/wp-json\/wp\/v2\/pages\/383\/revisions\/607"}],"wp:attachment":[{"href":"https:\/\/www.grawosiedle.polsl.pl\/index.php\/wp-json\/wp\/v2\/media?parent=383"}],"curies":[{"name":"wp","href":"https:\/\/api.w.org\/{rel}","templated":true}]}}