{"id":299,"date":"2023-06-03T18:37:39","date_gmt":"2023-06-03T16:37:39","guid":{"rendered":"https:\/\/www.grawosiedle.polsl.pl\/?page_id=299"},"modified":"2023-06-03T18:44:37","modified_gmt":"2023-06-03T16:44:37","slug":"memory","status":"publish","type":"page","link":"https:\/\/www.grawosiedle.polsl.pl\/index.php\/memory\/","title":{"rendered":"MEMORY"},"content":{"rendered":"\n<p>LICZBA GRACZY: <strong><em>1-4<\/em><\/strong><br>POZIOMTRUDNO\u015aCI: <em><strong>\u015bredni<\/strong><\/em><br>TALIE KART: <strong>2D, 3D<\/strong><\/p>\n\n\n\n<p>AKCESORIA: <strong><em>st\u00f3\u0142<\/em><\/strong><\/p>\n\n\n\n<p>Wybierz jeden z kolor\u00f3w kart ( karo, kier, trefl, pik) i we\u017a tylko te karty zar\u00f3wno z talii 3D jak i 2D.<br>Potasuj wybrane karty i roz\u0142\u00f3\u017c rewersem do g\u00f3ry na blacie w kszta\u0142t prostok\u0105ta lub kwadratu &#8211; jedna obok drugiej, w kilku rz\u0119dach.<\/p>\n\n\n\n<p>Gracz rozpoczynaj\u0105cy odkrywa dwie wybrane przez siebie katy pokazuj\u0105c je pozosta\u0142ym graczom.<\/p>\n\n\n\n<p>Je\u015bli katy s\u0105 takie same (tzn. karta 3D odpowiada karcie 2D) to gracz otrzymuje te karty, zabiera z blatu i odk\u0142ada na bok.<\/p>\n\n\n\n<p>Je\u015bli karty si\u0119 r\u00f3\u017cni\u0105, gracz zakrywa karty z powrotem i kolejka przechodzi na nast\u0119pnego gracza, kt\u00f3ry odkrywa kolejne wybrane przez siebie karty.<\/p>\n\n\n\n<p>Gra ko\u0144czy si\u0119, gdy wszystkie karty zostan\u0105 zebrane. Wygrywa gracz z najwi\u0119ksz\u0105 liczb\u0105 kart.<\/p>\n\n\n\n<p><em><strong>wersja dla jednej osoby:<\/strong> odkrycie paru kart w jak najkr\u00f3tszym czasie <\/em><\/p>\n\n\n\n<figure class=\"wp-block-image size-large\"><img fetchpriority=\"high\" decoding=\"async\" width=\"1024\" height=\"625\" src=\"https:\/\/www.grawosiedle.polsl.pl\/wp-content\/uploads\/2023\/06\/20230119_Gra-w-osiedle-20-1024x625.jpg\" alt=\"\" class=\"wp-image-303\" srcset=\"https:\/\/www.grawosiedle.polsl.pl\/wp-content\/uploads\/2023\/06\/20230119_Gra-w-osiedle-20-1024x625.jpg 1024w, https:\/\/www.grawosiedle.polsl.pl\/wp-content\/uploads\/2023\/06\/20230119_Gra-w-osiedle-20-300x183.jpg 300w, https:\/\/www.grawosiedle.polsl.pl\/wp-content\/uploads\/2023\/06\/20230119_Gra-w-osiedle-20-768x468.jpg 768w, https:\/\/www.grawosiedle.polsl.pl\/wp-content\/uploads\/2023\/06\/20230119_Gra-w-osiedle-20-1536x937.jpg 1536w, https:\/\/www.grawosiedle.polsl.pl\/wp-content\/uploads\/2023\/06\/20230119_Gra-w-osiedle-20-2048x1249.jpg 2048w\" sizes=\"(max-width: 767px) 89vw, (max-width: 1000px) 54vw, (max-width: 1071px) 543px, 580px\" \/><\/figure>\n","protected":false},"excerpt":{"rendered":"<p>LICZBA GRACZY: 1-4POZIOMTRUDNO\u015aCI: \u015bredniTALIE KART: 2D, 3D AKCESORIA: st\u00f3\u0142 Wybierz jeden z kolor\u00f3w kart ( karo, kier, trefl, pik) i we\u017a tylko te karty zar\u00f3wno z talii 3D jak i 2D.Potasuj wybrane karty i roz\u0142\u00f3\u017c rewersem do g\u00f3ry na blacie w kszta\u0142t prostok\u0105ta lub kwadratu &#8211; jedna obok drugiej, w kilku rz\u0119dach. Gracz rozpoczynaj\u0105cy odkrywa &hellip; <\/p>\n<p class=\"link-more\"><a href=\"https:\/\/www.grawosiedle.polsl.pl\/index.php\/memory\/\" class=\"more-link\">Czytaj dalej<span class=\"screen-reader-text\"> \u201eMEMORY\u201d<\/span><\/a><\/p>\n","protected":false},"author":1,"featured_media":0,"parent":0,"menu_order":0,"comment_status":"closed","ping_status":"closed","template":"","meta":{"footnotes":""},"class_list":["post-299","page","type-page","status-publish","hentry"],"_links":{"self":[{"href":"https:\/\/www.grawosiedle.polsl.pl\/index.php\/wp-json\/wp\/v2\/pages\/299","targetHints":{"allow":["GET"]}}],"collection":[{"href":"https:\/\/www.grawosiedle.polsl.pl\/index.php\/wp-json\/wp\/v2\/pages"}],"about":[{"href":"https:\/\/www.grawosiedle.polsl.pl\/index.php\/wp-json\/wp\/v2\/types\/page"}],"author":[{"embeddable":true,"href":"https:\/\/www.grawosiedle.polsl.pl\/index.php\/wp-json\/wp\/v2\/users\/1"}],"replies":[{"embeddable":true,"href":"https:\/\/www.grawosiedle.polsl.pl\/index.php\/wp-json\/wp\/v2\/comments?post=299"}],"version-history":[{"count":3,"href":"https:\/\/www.grawosiedle.polsl.pl\/index.php\/wp-json\/wp\/v2\/pages\/299\/revisions"}],"predecessor-version":[{"id":304,"href":"https:\/\/www.grawosiedle.polsl.pl\/index.php\/wp-json\/wp\/v2\/pages\/299\/revisions\/304"}],"wp:attachment":[{"href":"https:\/\/www.grawosiedle.polsl.pl\/index.php\/wp-json\/wp\/v2\/media?parent=299"}],"curies":[{"name":"wp","href":"https:\/\/api.w.org\/{rel}","templated":true}]}}