{"id":274,"date":"2023-06-03T18:04:48","date_gmt":"2023-06-03T16:04:48","guid":{"rendered":"https:\/\/www.grawosiedle.polsl.pl\/?page_id=274"},"modified":"2023-06-03T18:14:07","modified_gmt":"2023-06-03T16:14:07","slug":"odkryj-2d-narysuj-3d","status":"publish","type":"page","link":"https:\/\/www.grawosiedle.polsl.pl\/index.php\/odkryj-2d-narysuj-3d\/","title":{"rendered":"ODKRYJ 2D &#8211; NARYSUJ 3D"},"content":{"rendered":"\n<p>LICZBA GRACZY <em><strong>min. 4<\/strong><\/em><br>POZIOMTRUDNO\u015aCI: <em><strong>\u015bredni<\/strong><\/em><br>TALIE KART <em><strong>2D, 3D<\/strong><\/em><\/p>\n\n\n\n<p>AKCESORIA: <em><strong>papier, d\u0142ugopis<\/strong><\/em><\/p>\n\n\n\n<p><br>Podziel graczy na dwa zespo\u0142y i potasuj karty. Nast\u0119pnie ka\u017cdy zesp\u00f3\u0142 losuje kart\u0119 z talii 2D.<\/p>\n\n\n\n<p>Zesp\u00f3\u0142 wyznacza uczestnika, kt\u00f3ry b\u0119dzie rysowa\u0142 model 3D na podstawie wybranej karty 2D( na tablicy lub na kartce)<\/p>\n\n\n\n<p>Wyznaczona osoba staje lub siada naprzeciwko swojego zespo\u0142u.<\/p>\n\n\n\n<p>CZAS START.<\/p>\n\n\n\n<p>Wyznaczona osoba odkrywa kart\u0119 2D, pokazuje, zesp\u00f3\u0142 odnajduje j\u0105 w talii 3D, lecz nie pokazuje rysuj\u0105cemu.<\/p>\n\n\n\n<p>Zesp\u00f3\u0142 mo\u017ce ustnie pomaga\u0107 rysuj\u0105cemu, tak by ten jak najszybciej narysowa\u0142 model 3D i uwzgl\u0119dni\u0142 wszystkie istotne elementy zwi\u0105zane ze wska\u017anikami.<\/p>\n\n\n\n<p>Wygrywa zesp\u00f3\u0142, kt\u00f3ry szybciej narysuje 3 modele kart, po zatrzymaniu czasu &#8211; przegrany zesp\u00f3\u0142 sprawdza czy na rysunku wygranych uwzgl\u0119dniono wszystkie warto\u015bci wska\u017anik\u00f3w.<\/p>\n\n\n\n<figure class=\"wp-block-image size-large\"><img fetchpriority=\"high\" decoding=\"async\" width=\"1024\" height=\"629\" src=\"https:\/\/www.grawosiedle.polsl.pl\/wp-content\/uploads\/2023\/06\/20230119_Gra-w-osiedle-18-3-1024x629.jpg\" alt=\"\" class=\"wp-image-288\" srcset=\"https:\/\/www.grawosiedle.polsl.pl\/wp-content\/uploads\/2023\/06\/20230119_Gra-w-osiedle-18-3-1024x629.jpg 1024w, https:\/\/www.grawosiedle.polsl.pl\/wp-content\/uploads\/2023\/06\/20230119_Gra-w-osiedle-18-3-300x184.jpg 300w, https:\/\/www.grawosiedle.polsl.pl\/wp-content\/uploads\/2023\/06\/20230119_Gra-w-osiedle-18-3-768x472.jpg 768w, https:\/\/www.grawosiedle.polsl.pl\/wp-content\/uploads\/2023\/06\/20230119_Gra-w-osiedle-18-3-1536x944.jpg 1536w, https:\/\/www.grawosiedle.polsl.pl\/wp-content\/uploads\/2023\/06\/20230119_Gra-w-osiedle-18-3-2048x1259.jpg 2048w\" sizes=\"(max-width: 767px) 89vw, (max-width: 1000px) 54vw, (max-width: 1071px) 543px, 580px\" \/><\/figure>\n","protected":false},"excerpt":{"rendered":"<p>LICZBA GRACZY min. 4POZIOMTRUDNO\u015aCI: \u015bredniTALIE KART 2D, 3D AKCESORIA: papier, d\u0142ugopis Podziel graczy na dwa zespo\u0142y i potasuj karty. Nast\u0119pnie ka\u017cdy zesp\u00f3\u0142 losuje kart\u0119 z talii 2D. Zesp\u00f3\u0142 wyznacza uczestnika, kt\u00f3ry b\u0119dzie rysowa\u0142 model 3D na podstawie wybranej karty 2D( na tablicy lub na kartce) Wyznaczona osoba staje lub siada naprzeciwko swojego zespo\u0142u. CZAS START. &hellip; <\/p>\n<p class=\"link-more\"><a href=\"https:\/\/www.grawosiedle.polsl.pl\/index.php\/odkryj-2d-narysuj-3d\/\" class=\"more-link\">Czytaj dalej<span class=\"screen-reader-text\"> \u201eODKRYJ 2D &#8211; NARYSUJ 3D\u201d<\/span><\/a><\/p>\n","protected":false},"author":1,"featured_media":0,"parent":0,"menu_order":0,"comment_status":"closed","ping_status":"closed","template":"","meta":{"footnotes":""},"class_list":["post-274","page","type-page","status-publish","hentry"],"_links":{"self":[{"href":"https:\/\/www.grawosiedle.polsl.pl\/index.php\/wp-json\/wp\/v2\/pages\/274","targetHints":{"allow":["GET"]}}],"collection":[{"href":"https:\/\/www.grawosiedle.polsl.pl\/index.php\/wp-json\/wp\/v2\/pages"}],"about":[{"href":"https:\/\/www.grawosiedle.polsl.pl\/index.php\/wp-json\/wp\/v2\/types\/page"}],"author":[{"embeddable":true,"href":"https:\/\/www.grawosiedle.polsl.pl\/index.php\/wp-json\/wp\/v2\/users\/1"}],"replies":[{"embeddable":true,"href":"https:\/\/www.grawosiedle.polsl.pl\/index.php\/wp-json\/wp\/v2\/comments?post=274"}],"version-history":[{"count":8,"href":"https:\/\/www.grawosiedle.polsl.pl\/index.php\/wp-json\/wp\/v2\/pages\/274\/revisions"}],"predecessor-version":[{"id":290,"href":"https:\/\/www.grawosiedle.polsl.pl\/index.php\/wp-json\/wp\/v2\/pages\/274\/revisions\/290"}],"wp:attachment":[{"href":"https:\/\/www.grawosiedle.polsl.pl\/index.php\/wp-json\/wp\/v2\/media?parent=274"}],"curies":[{"name":"wp","href":"https:\/\/api.w.org\/{rel}","templated":true}]}}