{"id":257,"date":"2023-06-03T17:28:04","date_gmt":"2023-06-03T15:28:04","guid":{"rendered":"https:\/\/www.grawosiedle.polsl.pl\/?page_id=257"},"modified":"2023-06-03T18:14:42","modified_gmt":"2023-06-03T16:14:42","slug":"quiz-kalambury","status":"publish","type":"page","link":"https:\/\/www.grawosiedle.polsl.pl\/index.php\/quiz-kalambury\/","title":{"rendered":"QUIZ &#8211; KALAMBURY"},"content":{"rendered":"\n<p>LICZBA GRACZY: <em><strong>min. 2<\/strong><\/em><br>POZIOMTRUDNO\u015aCI:  <em><strong>\u015bredni<\/strong><\/em><br>TALIE KART 3D<\/p>\n\n\n\n<p><br>Podziel graczy na dwa zespo\u0142y. Potasuj tali\u0119, a nast\u0119pnie wylosuj po 5 kart dla ka\u017cdego zespo\u0142u.<\/p>\n\n\n\n<p>Zesp\u00f3\u0142 wyznacza gracza, kt\u00f3ry staje naprzeciwko nich. Wyznaczona osoba odkrywa kart\u0119, a nast\u0119pnie bez u\u017cycia s\u0142\u00f3w stara si\u0119 odwzorowa\u0107 ukazan\u0105 na niej zabudow\u0119, tak by zesp\u00f3\u0142 j\u0105 odgad\u0142.<\/p>\n\n\n\n<p>NIE WOLNO pokazywa\u0107 numer\u00f3w figur, ani kszta\u0142t\u00f3w kolor\u00f3w kiera, karo, trefl, pik &#8211; gestykulacja powinna przekazywa\u0107 rodzaj zabudowy na karcie. WOLNO odpowiada\u0107 na pytania TAK lub NIE.<\/p>\n\n\n\n<p>Drugi zesp\u00f3\u0142 sprawdza poprawno\u015b\u0107, punktuje i mierzy czas: 5 minut na 5 kart, potem nast\u0119puje zamiana zespo\u0142\u00f3w.<\/p>\n\n\n\n<p><em>Wygrywa zesp\u00f3\u0142, kt\u00f3ry odgadnie wi\u0119cej kart.<\/em><\/p>\n\n\n\n<figure class=\"wp-block-image size-large is-resized\"><img fetchpriority=\"high\" decoding=\"async\" src=\"https:\/\/www.grawosiedle.polsl.pl\/wp-content\/uploads\/2023\/06\/20230119_Gra-w-osiedle-17-1024x637.jpg\" alt=\"\" class=\"wp-image-291\" width=\"685\" height=\"426\" srcset=\"https:\/\/www.grawosiedle.polsl.pl\/wp-content\/uploads\/2023\/06\/20230119_Gra-w-osiedle-17-1024x637.jpg 1024w, https:\/\/www.grawosiedle.polsl.pl\/wp-content\/uploads\/2023\/06\/20230119_Gra-w-osiedle-17-300x187.jpg 300w, https:\/\/www.grawosiedle.polsl.pl\/wp-content\/uploads\/2023\/06\/20230119_Gra-w-osiedle-17-768x478.jpg 768w, https:\/\/www.grawosiedle.polsl.pl\/wp-content\/uploads\/2023\/06\/20230119_Gra-w-osiedle-17-1536x956.jpg 1536w, https:\/\/www.grawosiedle.polsl.pl\/wp-content\/uploads\/2023\/06\/20230119_Gra-w-osiedle-17-2048x1274.jpg 2048w\" sizes=\"(max-width: 685px) 100vw, 685px\" \/><\/figure>\n","protected":false},"excerpt":{"rendered":"<p>LICZBA GRACZY: min. 2POZIOMTRUDNO\u015aCI: \u015bredniTALIE KART 3D Podziel graczy na dwa zespo\u0142y. Potasuj tali\u0119, a nast\u0119pnie wylosuj po 5 kart dla ka\u017cdego zespo\u0142u. Zesp\u00f3\u0142 wyznacza gracza, kt\u00f3ry staje naprzeciwko nich. Wyznaczona osoba odkrywa kart\u0119, a nast\u0119pnie bez u\u017cycia s\u0142\u00f3w stara si\u0119 odwzorowa\u0107 ukazan\u0105 na niej zabudow\u0119, tak by zesp\u00f3\u0142 j\u0105 odgad\u0142. NIE WOLNO pokazywa\u0107 numer\u00f3w &hellip; <\/p>\n<p class=\"link-more\"><a href=\"https:\/\/www.grawosiedle.polsl.pl\/index.php\/quiz-kalambury\/\" class=\"more-link\">Czytaj dalej<span class=\"screen-reader-text\"> \u201eQUIZ &#8211; KALAMBURY\u201d<\/span><\/a><\/p>\n","protected":false},"author":1,"featured_media":0,"parent":0,"menu_order":0,"comment_status":"closed","ping_status":"closed","template":"","meta":{"footnotes":""},"class_list":["post-257","page","type-page","status-publish","hentry"],"_links":{"self":[{"href":"https:\/\/www.grawosiedle.polsl.pl\/index.php\/wp-json\/wp\/v2\/pages\/257","targetHints":{"allow":["GET"]}}],"collection":[{"href":"https:\/\/www.grawosiedle.polsl.pl\/index.php\/wp-json\/wp\/v2\/pages"}],"about":[{"href":"https:\/\/www.grawosiedle.polsl.pl\/index.php\/wp-json\/wp\/v2\/types\/page"}],"author":[{"embeddable":true,"href":"https:\/\/www.grawosiedle.polsl.pl\/index.php\/wp-json\/wp\/v2\/users\/1"}],"replies":[{"embeddable":true,"href":"https:\/\/www.grawosiedle.polsl.pl\/index.php\/wp-json\/wp\/v2\/comments?post=257"}],"version-history":[{"count":3,"href":"https:\/\/www.grawosiedle.polsl.pl\/index.php\/wp-json\/wp\/v2\/pages\/257\/revisions"}],"predecessor-version":[{"id":293,"href":"https:\/\/www.grawosiedle.polsl.pl\/index.php\/wp-json\/wp\/v2\/pages\/257\/revisions\/293"}],"wp:attachment":[{"href":"https:\/\/www.grawosiedle.polsl.pl\/index.php\/wp-json\/wp\/v2\/media?parent=257"}],"curies":[{"name":"wp","href":"https:\/\/api.w.org\/{rel}","templated":true}]}}