{"id":2,"date":"2022-12-01T12:37:45","date_gmt":"2022-12-01T11:37:45","guid":{"rendered":"https:\/\/www.grawosiedle.polsl.pl\/?page_id=2"},"modified":"2023-10-11T16:15:32","modified_gmt":"2023-10-11T14:15:32","slug":"przykladowa-strona","status":"publish","type":"page","link":"https:\/\/www.grawosiedle.polsl.pl\/index.php\/przykladowa-strona\/","title":{"rendered":"O NAS"},"content":{"rendered":"\n<p>O tw\u00f3rcach GRY W OSIEDLE<\/p>\n\n\n\n<p>Idea na projekt rozpocz\u0119\u0142a si\u0119 ju\u017c w 2019 roku. Od tego czasu grono ludzi pracuj\u0105cych nad rozwojem projektu tylko si\u0119 powi\u0119ksza\u0142<\/p>\n\n\n\n<p>Oto obecny sk\u0142ad:&nbsp;<\/p>\n\n\n\n<p>&#8211; dr hab. in\u017c. arch. Tomasz Bradecki- promotor i pomys\u0142odawca projektu, wyk\u0142adowca na Politechnice \u015al\u0105skiej, za\u0142o\u017cyciel grupy badawczej i ko\u0142a naukowego URBANMODEL<\/p>\n\n\n\n<p>&#8211; Zesp\u00f3\u0142 projektowy: Marta Sanig\u00f3rska, Natalia Dymarska, Marta Klekotka, Karolina W\u0105si\u0144ska, Julia Stachura, Daria Bal, Ma\u0142gorzata Wasik, Katarzyna Kotarska, Ola Bara\u0144ska, Monika Brol<\/p>\n\n\n\n<p>&#8211; Zesp\u00f3\u0142 redakcyjny: Justyna Nowak, Igor Gdula, Ma\u0142gorzata Pluta, Daniel Szo\u0142tysek, Kamil Kolus, Kinga Karcz, Paulina Miszczak, B\u0142a\u017cej M\u00f3l<\/p>\n\n\n\n<p>W trakcie tworzenia gry zesp\u00f3\u0142 za\u0142o\u017cy\u0142 ko\u0142o naukowe SKN URBANMODEL na Politechnice \u015al\u0105skiej, maj\u0105ce zamiar inicjowa\u0107 i rozwija\u0107 wi\u0119cej projekt\u00f3w szerz\u0105cych wiedz\u0119 urbanistyczn\u0105 i architektoniczn\u0105 poprzez gr\u0119 i zabaw\u0119.&nbsp;<\/p>\n\n\n\n<figure class=\"wp-block-image size-large\"><img fetchpriority=\"high\" decoding=\"async\" width=\"1024\" height=\"473\" src=\"https:\/\/www.grawosiedle.polsl.pl\/wp-content\/uploads\/2023\/05\/IL_AUTORZY-1024x473.jpg\" alt=\"\" class=\"wp-image-175\" srcset=\"https:\/\/www.grawosiedle.polsl.pl\/wp-content\/uploads\/2023\/05\/IL_AUTORZY-1024x473.jpg 1024w, https:\/\/www.grawosiedle.polsl.pl\/wp-content\/uploads\/2023\/05\/IL_AUTORZY-300x139.jpg 300w, https:\/\/www.grawosiedle.polsl.pl\/wp-content\/uploads\/2023\/05\/IL_AUTORZY-768x355.jpg 768w, https:\/\/www.grawosiedle.polsl.pl\/wp-content\/uploads\/2023\/05\/IL_AUTORZY-1536x710.jpg 1536w, https:\/\/www.grawosiedle.polsl.pl\/wp-content\/uploads\/2023\/05\/IL_AUTORZY-2048x946.jpg 2048w\" sizes=\"(max-width: 767px) 89vw, (max-width: 1000px) 54vw, (max-width: 1071px) 543px, 580px\" \/><\/figure>\n\n\n<div class=\"wp-block-image\">\n<figure class=\"aligncenter size-large\"><img decoding=\"async\" width=\"721\" height=\"1024\" src=\"https:\/\/www.grawosiedle.polsl.pl\/wp-content\/uploads\/2023\/10\/Czlonkowie-URBANMODEL-721x1024.jpg\" alt=\"\" class=\"wp-image-859\" srcset=\"https:\/\/www.grawosiedle.polsl.pl\/wp-content\/uploads\/2023\/10\/Czlonkowie-URBANMODEL-721x1024.jpg 721w, https:\/\/www.grawosiedle.polsl.pl\/wp-content\/uploads\/2023\/10\/Czlonkowie-URBANMODEL-211x300.jpg 211w, https:\/\/www.grawosiedle.polsl.pl\/wp-content\/uploads\/2023\/10\/Czlonkowie-URBANMODEL-768x1091.jpg 768w, https:\/\/www.grawosiedle.polsl.pl\/wp-content\/uploads\/2023\/10\/Czlonkowie-URBANMODEL-1081x1536.jpg 1081w, https:\/\/www.grawosiedle.polsl.pl\/wp-content\/uploads\/2023\/10\/Czlonkowie-URBANMODEL-1442x2048.jpg 1442w, https:\/\/www.grawosiedle.polsl.pl\/wp-content\/uploads\/2023\/10\/Czlonkowie-URBANMODEL-scaled.jpg 1802w\" sizes=\"(max-width: 721px) 100vw, 721px\" \/><figcaption class=\"wp-element-caption\">Sk\u0142ad zespo\u0142u 2023\/2024<\/figcaption><\/figure>\n<\/div>\n\n<div class=\"wp-block-image\">\n<figure class=\"aligncenter size-large\"><img decoding=\"async\" width=\"718\" height=\"1024\" src=\"https:\/\/www.grawosiedle.polsl.pl\/wp-content\/uploads\/2023\/05\/gra-w-osiedle_autorzy-718x1024.jpg\" alt=\"\" class=\"wp-image-200\" srcset=\"https:\/\/www.grawosiedle.polsl.pl\/wp-content\/uploads\/2023\/05\/gra-w-osiedle_autorzy-718x1024.jpg 718w, https:\/\/www.grawosiedle.polsl.pl\/wp-content\/uploads\/2023\/05\/gra-w-osiedle_autorzy-210x300.jpg 210w, https:\/\/www.grawosiedle.polsl.pl\/wp-content\/uploads\/2023\/05\/gra-w-osiedle_autorzy-768x1096.jpg 768w, https:\/\/www.grawosiedle.polsl.pl\/wp-content\/uploads\/2023\/05\/gra-w-osiedle_autorzy.jpg 823w\" sizes=\"(max-width: 718px) 100vw, 718px\" \/><figcaption class=\"wp-element-caption\">Sk\u0142ad zespo\u0142u 2022\/2023<\/figcaption><\/figure>\n<\/div>\n\n\n<figure class=\"wp-block-image size-large\"><img loading=\"lazy\" decoding=\"async\" width=\"1024\" height=\"473\" src=\"https:\/\/www.grawosiedle.polsl.pl\/wp-content\/uploads\/2023\/03\/311020422_1806466056379686_4892303205528295177_n-1024x473.jpg\" alt=\"\" class=\"wp-image-59\" srcset=\"https:\/\/www.grawosiedle.polsl.pl\/wp-content\/uploads\/2023\/03\/311020422_1806466056379686_4892303205528295177_n-1024x473.jpg 1024w, https:\/\/www.grawosiedle.polsl.pl\/wp-content\/uploads\/2023\/03\/311020422_1806466056379686_4892303205528295177_n-300x139.jpg 300w, https:\/\/www.grawosiedle.polsl.pl\/wp-content\/uploads\/2023\/03\/311020422_1806466056379686_4892303205528295177_n-768x355.jpg 768w, https:\/\/www.grawosiedle.polsl.pl\/wp-content\/uploads\/2023\/03\/311020422_1806466056379686_4892303205528295177_n.jpg 1385w\" sizes=\"(max-width: 767px) 89vw, (max-width: 1000px) 54vw, (max-width: 1071px) 543px, 580px\" \/><figcaption class=\"wp-element-caption\"><em>Pierwszy zesp\u00f3\u0142 w trakcie Nocy Naukowc\u00f3w<\/em><\/figcaption><\/figure>\n","protected":false},"excerpt":{"rendered":"<p>O tw\u00f3rcach GRY W OSIEDLE Idea na projekt rozpocz\u0119\u0142a si\u0119 ju\u017c w 2019 roku. Od tego czasu grono ludzi pracuj\u0105cych nad rozwojem projektu tylko si\u0119 powi\u0119ksza\u0142 Oto obecny sk\u0142ad:&nbsp; &#8211; dr hab. in\u017c. arch. Tomasz Bradecki- promotor i pomys\u0142odawca projektu, wyk\u0142adowca na Politechnice \u015al\u0105skiej, za\u0142o\u017cyciel grupy badawczej i ko\u0142a naukowego URBANMODEL &#8211; Zesp\u00f3\u0142 projektowy: Marta &hellip; <\/p>\n<p class=\"link-more\"><a href=\"https:\/\/www.grawosiedle.polsl.pl\/index.php\/przykladowa-strona\/\" class=\"more-link\">Czytaj dalej<span class=\"screen-reader-text\"> \u201eO NAS\u201d<\/span><\/a><\/p>\n","protected":false},"author":1,"featured_media":0,"parent":0,"menu_order":0,"comment_status":"closed","ping_status":"open","template":"","meta":{"footnotes":""},"class_list":["post-2","page","type-page","status-publish","hentry"],"_links":{"self":[{"href":"https:\/\/www.grawosiedle.polsl.pl\/index.php\/wp-json\/wp\/v2\/pages\/2","targetHints":{"allow":["GET"]}}],"collection":[{"href":"https:\/\/www.grawosiedle.polsl.pl\/index.php\/wp-json\/wp\/v2\/pages"}],"about":[{"href":"https:\/\/www.grawosiedle.polsl.pl\/index.php\/wp-json\/wp\/v2\/types\/page"}],"author":[{"embeddable":true,"href":"https:\/\/www.grawosiedle.polsl.pl\/index.php\/wp-json\/wp\/v2\/users\/1"}],"replies":[{"embeddable":true,"href":"https:\/\/www.grawosiedle.polsl.pl\/index.php\/wp-json\/wp\/v2\/comments?post=2"}],"version-history":[{"count":9,"href":"https:\/\/www.grawosiedle.polsl.pl\/index.php\/wp-json\/wp\/v2\/pages\/2\/revisions"}],"predecessor-version":[{"id":862,"href":"https:\/\/www.grawosiedle.polsl.pl\/index.php\/wp-json\/wp\/v2\/pages\/2\/revisions\/862"}],"wp:attachment":[{"href":"https:\/\/www.grawosiedle.polsl.pl\/index.php\/wp-json\/wp\/v2\/media?parent=2"}],"curies":[{"name":"wp","href":"https:\/\/api.w.org\/{rel}","templated":true}]}}