{"id":180,"date":"2023-05-22T13:38:21","date_gmt":"2023-05-22T11:38:21","guid":{"rendered":"https:\/\/www.grawosiedle.polsl.pl\/?page_id=180"},"modified":"2023-06-09T00:08:07","modified_gmt":"2023-06-08T22:08:07","slug":"modele-osiedli","status":"publish","type":"page","link":"https:\/\/www.grawosiedle.polsl.pl\/index.php\/modele-osiedli\/","title":{"rendered":"MODELE OSIEDLI"},"content":{"rendered":"\n<p>Poni\u017cej prezentujemy wybrane przyk\u0142ady modeli osiedli wirtualnych zaprojektowanych przez nas na podstawie kart oraz osiedli, kt\u00f3re zosta\u0142y zrealizowane i opisane za pomoca modeli, kt\u00f3re stosujemy w Grze w osiedle<\/p>\n\n\n\n<ol class=\"wp-block-list\">\n<li><strong>Model cz\u0119\u015bci osiedla Pierwsza Dzielnica w Katowicach<\/strong><\/li>\n<\/ol>\n\n\n\n<p><\/p>\n\n\n\n<figure class=\"wp-block-image size-full is-resized\"><img fetchpriority=\"high\" decoding=\"async\" src=\"https:\/\/www.grawosiedle.polsl.pl\/wp-content\/uploads\/2023\/06\/piersza-dzielnica_karta-3D_21.jpg\" alt=\"\" class=\"wp-image-306\" width=\"475\" height=\"701\"\/><\/figure>\n\n\n\n<p>LINK DO MODELU 3D: <a href=\"https:\/\/skfb.ly\/oEWBn\">https:\/\/skfb.ly\/oEWBn<\/a><\/p>\n\n\n\n<p><\/p>\n\n\n\n<p>2.<strong> PRZYK\u0141ADOWY MODEL OSIEDLA <\/strong><\/p>\n\n\n\n<figure class=\"wp-block-gallery has-nested-images columns-default is-cropped wp-block-gallery-1 is-layout-flex wp-block-gallery-is-layout-flex\">\n<figure class=\"wp-block-image size-large\"><img decoding=\"async\" width=\"523\" height=\"751\" data-id=\"461\" src=\"https:\/\/www.grawosiedle.polsl.pl\/wp-content\/uploads\/2023\/06\/model_osiedla_str47_nowy-1.jpg\" alt=\"\" class=\"wp-image-461\" srcset=\"https:\/\/www.grawosiedle.polsl.pl\/wp-content\/uploads\/2023\/06\/model_osiedla_str47_nowy-1.jpg 523w, https:\/\/www.grawosiedle.polsl.pl\/wp-content\/uploads\/2023\/06\/model_osiedla_str47_nowy-1-209x300.jpg 209w\" sizes=\"(max-width: 523px) 100vw, 523px\" \/><\/figure>\n<\/figure>\n\n\n\n<p>LINK DO MODELU 3D:  <a href=\"https:\/\/skfb.ly\/oHS9U\" target=\"_blank\" rel=\"noreferrer noopener\">https:\/\/skfb.ly\/oHS9U<\/a><\/p>\n","protected":false},"excerpt":{"rendered":"<p>Poni\u017cej prezentujemy wybrane przyk\u0142ady modeli osiedli wirtualnych zaprojektowanych przez nas na podstawie kart oraz osiedli, kt\u00f3re zosta\u0142y zrealizowane i opisane za pomoca modeli, kt\u00f3re stosujemy w Grze w osiedle LINK DO MODELU 3D: https:\/\/skfb.ly\/oEWBn 2. PRZYK\u0141ADOWY MODEL OSIEDLA LINK DO MODELU 3D: https:\/\/skfb.ly\/oHS9U<\/p>\n","protected":false},"author":1,"featured_media":0,"parent":0,"menu_order":0,"comment_status":"closed","ping_status":"closed","template":"","meta":{"footnotes":""},"class_list":["post-180","page","type-page","status-publish","hentry"],"_links":{"self":[{"href":"https:\/\/www.grawosiedle.polsl.pl\/index.php\/wp-json\/wp\/v2\/pages\/180","targetHints":{"allow":["GET"]}}],"collection":[{"href":"https:\/\/www.grawosiedle.polsl.pl\/index.php\/wp-json\/wp\/v2\/pages"}],"about":[{"href":"https:\/\/www.grawosiedle.polsl.pl\/index.php\/wp-json\/wp\/v2\/types\/page"}],"author":[{"embeddable":true,"href":"https:\/\/www.grawosiedle.polsl.pl\/index.php\/wp-json\/wp\/v2\/users\/1"}],"replies":[{"embeddable":true,"href":"https:\/\/www.grawosiedle.polsl.pl\/index.php\/wp-json\/wp\/v2\/comments?post=180"}],"version-history":[{"count":28,"href":"https:\/\/www.grawosiedle.polsl.pl\/index.php\/wp-json\/wp\/v2\/pages\/180\/revisions"}],"predecessor-version":[{"id":476,"href":"https:\/\/www.grawosiedle.polsl.pl\/index.php\/wp-json\/wp\/v2\/pages\/180\/revisions\/476"}],"wp:attachment":[{"href":"https:\/\/www.grawosiedle.polsl.pl\/index.php\/wp-json\/wp\/v2\/media?parent=180"}],"curies":[{"name":"wp","href":"https:\/\/api.w.org\/{rel}","templated":true}]}}